{"id":1569,"date":"2025-10-27T03:01:57","date_gmt":"2025-10-27T03:01:57","guid":{"rendered":"http:\/\/www.demirdoor.com\/?page_id=1569"},"modified":"2025-10-27T03:02:50","modified_gmt":"2025-10-27T03:02:50","slug":"giyotin-cam-sistemi","status":"publish","type":"page","link":"https:\/\/www.demirdoor.com\/index.php\/giyotin-cam-sistemi\/","title":{"rendered":"G\u0130YOT\u0130N CAM S\u0130STEM\u0130"},"content":{"rendered":"<div data-colibri-id=\"1569-c1\" class=\"style-1726 style-local-1569-c1 position-relative\">\n  <!---->\n  <div data-colibri-component=\"section\" data-colibri-id=\"1569-c2\" id=\"custom\" class=\"h-section h-section-global-spacing d-flex align-items-lg-center align-items-md-center align-items-center style-1727 style-local-1569-c2 position-relative\">\n    <!---->\n    <!---->\n    <div class=\"h-section-grid-container h-section-boxed-container\">\n      <!---->\n      <div data-colibri-id=\"1569-c3\" class=\"h-row-container gutters-row-lg-2 gutters-row-md-2 gutters-row-0 gutters-row-v-lg-2 gutters-row-v-md-2 gutters-row-v-2 style-1728 style-local-1569-c3 position-relative\">\n        <!---->\n        <div class=\"h-row justify-content-lg-center justify-content-md-center justify-content-center align-items-lg-stretch align-items-md-stretch align-items-stretch gutters-col-lg-2 gutters-col-md-2 gutters-col-0 gutters-col-v-lg-2 gutters-col-v-md-2 gutters-col-v-2\">\n          <!---->\n          <div class=\"h-column h-column-container d-flex h-col-lg-auto h-col-md-auto h-col-auto style-1729-outer style-local-1569-c4-outer\">\n            <div data-colibri-id=\"1569-c4\" class=\"d-flex h-flex-basis h-column__inner h-px-lg-2 h-px-md-2 h-px-2 v-inner-lg-2 v-inner-md-2 v-inner-2 style-1729 style-local-1569-c4 position-relative\">\n              <!---->\n              <!---->\n              <div class=\"w-100 h-y-container h-column__content h-column__v-align flex-basis-100 align-self-lg-start align-self-md-start align-self-start\">\n                <!---->\n                <div data-colibri-id=\"1569-c6\" class=\"d-block style-1731 style-local-1569-c6 position-relative h-element\">\n                  <!---->\n                  <div class=\"h-image__frame-container-outer\">\n                    <div class=\"h-image__frame-container\">\n                      <!---->\n                      <!---->\n                      <img loading=\"lazy\" decoding=\"async\" width=\"1023\" height=\"735\" src=\"http:\/\/www.demirdoor.com\/wp-content\/uploads\/2025\/10\/cropped-hareketli-cam-sistemleri-1-1024x736-1.jpg\" class=\"wp-image-1573 style-1731-image style-local-1569-c6-image\" alt=\"\" srcset=\"https:\/\/www.demirdoor.com\/wp-content\/uploads\/2025\/10\/cropped-hareketli-cam-sistemleri-1-1024x736-1.jpg 1023w, https:\/\/www.demirdoor.com\/wp-content\/uploads\/2025\/10\/cropped-hareketli-cam-sistemleri-1-1024x736-1-300x216.jpg 300w, https:\/\/www.demirdoor.com\/wp-content\/uploads\/2025\/10\/cropped-hareketli-cam-sistemleri-1-1024x736-1-768x552.jpg 768w\" sizes=\"(max-width: 1023px) 100vw, 1023px\" \/>\n                      <div class=\"h-image__frame h-hide-lg h-hide-md h-hide-sm style-1731-frameImage style-local-1569-c6-frameImage\"><\/div>\n                    <\/div>\n                  <\/div>\n                <\/div>\n                <div data-colibri-id=\"1569-c5\" class=\"h-text h-text-component style-1730 style-local-1569-c5 position-relative h-element\">\n                  <!---->\n                  <!---->\n                  <div class=\"\">\n                    <h2><strong>Giyotin Cam Sistemleri: Modern Mimari ve Fonksiyonelli\u011fin Bulu\u015ftu\u011fu \u00c7\u00f6z\u00fcm<\/strong><\/h2>\n                    <p>Giyotin cam sistemleri, <strong>modern mimaride estetik, fonksiyonellik ve g\u00fcvenlik<\/strong> unsurlar\u0131n\u0131 bir araya getiren cam uygulama sistemleridir. Bu sistemler, \u00f6zellikle <strong>binalarda maksimum cam alan\u0131 sa\u011flamak, do\u011fal \u0131\u015f\u0131\u011f\u0131 art\u0131rmak ve kullan\u0131m kolayl\u0131\u011f\u0131 sunmak<\/strong>                      amac\u0131yla geli\u015ftirilmi\u015ftir.<\/p>\n                    <p>Giyotin cam sistemleri, konutlardan ofislere, otellerden al\u0131\u015fveri\u015f merkezlerine kadar geni\u015f bir kullan\u0131m alan\u0131na sahiptir. Hem <strong>i\u00e7 hem d\u0131\u015f mekan uygulamalar\u0131nda<\/strong> kullan\u0131labilen bu sistemler, mimarlar\u0131n ve tasar\u0131mc\u0131lar\u0131n\n                      yarat\u0131c\u0131 \u00e7\u00f6z\u00fcmler sunmas\u0131na olanak tan\u0131r.<\/p>\n                    <h3><strong>Giyotin Cam Sistemi Nedir?<\/strong><\/h3>\n                    <p>Giyotin cam sistemi, <strong>tek veya \u00e7ift kanatl\u0131 cam panellerin dikey y\u00f6nde yukar\u0131 ve a\u015fa\u011f\u0131 hareket ederek a\u00e7\u0131l\u0131p kapanmas\u0131n\u0131 sa\u011flayan cam sistemidir<\/strong>.<\/p>\n                    <ul>\n                      <li><strong>Temel \u00d6zellik:<\/strong> Cam kanatlar, ray veya mekanizma sistemi \u00fczerinde hareket eder.<\/li>\n                      <li><strong>Malzeme:<\/strong> Temperli veya lamineli cam kullan\u0131l\u0131r; \u00e7er\u00e7eve genellikle al\u00fcminyum profillerden olu\u015fur.<\/li>\n                      <li><strong>Mekanizma:<\/strong> A\u011f\u0131rl\u0131k dengeli mekanizma veya piston sistemleri ile cam paneller kolayca a\u00e7\u0131l\u0131p kapan\u0131r.<\/li>\n                      <li><strong>Kullan\u0131m:<\/strong> Hem manuel hem de otomatik sistemlerle \u00e7al\u0131\u015fabilir.<\/li>\n                    <\/ul>\n                    <p>Bu sistem, \u00f6zellikle <strong>balkon, teras, cephe ve ofis i\u00e7 mekanlar\u0131nda<\/strong> estetik bir g\u00f6r\u00fcn\u00fcm ve fonksiyonel kullan\u0131m sa\u011flar.<\/p>\n                    <h3><strong>\u00c7al\u0131\u015fma Prensibi<\/strong><\/h3>\n                    <p>Giyotin cam sistemleri, dikey hareket prensibi ile \u00e7al\u0131\u015f\u0131r:<\/p>\n                    <ol>\n                      <li><strong>A\u011f\u0131rl\u0131k Dengeli Mekanizma:<\/strong><\/li>\n                    <\/ol>\n                    <ul>\n                      <li class=\"ql-indent-1\">Cam kanatlar\u0131, mekanizma i\u00e7inde bulunan a\u011f\u0131rl\u0131k dengesi ile kolayca yukar\u0131 ve a\u015fa\u011f\u0131 hareket eder.<\/li>\n                      <li class=\"ql-indent-1\">Kullan\u0131c\u0131 minimum kuvvet uygulayarak cam\u0131 a\u00e7\u0131p kapatabilir.<\/li>\n                    <\/ul>\n                    <ol>\n                      <li><strong>Piston veya Hidrolik Sistemler:<\/strong><\/li>\n                    <\/ol>\n                    <ul>\n                      <li class=\"ql-indent-1\">Daha b\u00fcy\u00fck ve a\u011f\u0131r cam paneller i\u00e7in piston veya hidrolik destekli sistemler kullan\u0131l\u0131r.<\/li>\n                      <li class=\"ql-indent-1\">Sistem, cam\u0131n kontroll\u00fc ve g\u00fcvenli bir \u015fekilde hareket etmesini sa\u011flar.<\/li>\n                    <\/ul>\n                    <ol>\n                      <li><strong>Manuel veya Otomatik Sistemler:<\/strong><\/li>\n                    <\/ol>\n                    <ul>\n                      <li class=\"ql-indent-1\">Manuel sistemlerde kullan\u0131c\u0131 cam\u0131 elle hareket ettirir.<\/li>\n                      <li class=\"ql-indent-1\">Otomatik sistemlerde motor ve sens\u00f6rler ile cam paneller otomatik a\u00e7\u0131l\u0131p kapan\u0131r.<\/li>\n                    <\/ul>\n                    <p>Bu \u00e7al\u0131\u015fma prensibi sayesinde giyotin cam sistemleri <strong>sessiz, g\u00fcvenli ve uzun \u00f6m\u00fcrl\u00fc<\/strong> bir kullan\u0131m sunar.<\/p>\n                    <h3><strong>Giyotin Cam Sistemi \u00c7e\u015fitleri<\/strong><\/h3>\n                    <p>Giyotin cam sistemleri, kullan\u0131m ihtiyac\u0131na ve tasar\u0131m \u00f6zelliklerine g\u00f6re farkl\u0131 modellerde \u00fcretilir:<\/p>\n                    <ol>\n                      <li><strong>Tek Kanatl\u0131 Giyotin Cam Sistemleri:<\/strong><\/li>\n                    <\/ol>\n                    <ul>\n                      <li class=\"ql-indent-1\">Daha k\u00fc\u00e7\u00fck a\u00e7\u0131kl\u0131klar ve balkon uygulamalar\u0131 i\u00e7in uygundur.<\/li>\n                    <\/ul>\n                    <ol>\n                      <li><strong>\u00c7ift Kanatl\u0131 Giyotin Cam Sistemleri:<\/strong><\/li>\n                    <\/ol>\n                    <ul>\n                      <li class=\"ql-indent-1\">Geni\u015f cephelerde, teras ve ofis uygulamalar\u0131nda tercih edilir.<\/li>\n                    <\/ul>\n                    <ol>\n                      <li><strong>Otomatik Giyotin Cam Sistemleri:<\/strong><\/li>\n                    <\/ol>\n                    <ul>\n                      <li class=\"ql-indent-1\">Motorlu sistemler ile cam paneller uzaktan veya sens\u00f6rler ile a\u00e7\u0131l\u0131p kapan\u0131r.<\/li>\n                    <\/ul>\n                    <ol>\n                      <li><strong>Manuel Giyotin Cam Sistemleri:<\/strong><\/li>\n                    <\/ol>\n                    <ul>\n                      <li class=\"ql-indent-1\">Mekanizmas\u0131 basit, ekonomik ve g\u00fcvenilir bir kullan\u0131m sa\u011flar.<\/li>\n                    <\/ul>\n                    <ol>\n                      <li><strong>D\u0131\u015f Cephe Giyotin Cam Sistemleri:<\/strong><\/li>\n                    <\/ol>\n                    <ul>\n                      <li class=\"ql-indent-1\">Binan\u0131n cephe tasar\u0131m\u0131n\u0131 tamamlayan, modern ve estetik bir g\u00f6r\u00fcn\u00fcm sa\u011flar.<\/li>\n                    <\/ul>\n                    <ol>\n                      <li><strong>\u0130\u00e7 Mekan Giyotin Cam Sistemleri:<\/strong><\/li>\n                    <\/ol>\n                    <ul>\n                      <li class=\"ql-indent-1\">Ofis, i\u00e7 balkon ve teraslarda kullan\u0131m i\u00e7in uygundur.<\/li>\n                    <\/ul>\n                    <h3><strong>Kullan\u0131m Alanlar\u0131<\/strong><\/h3>\n                    <p>Giyotin cam sistemleri, \u00f6zellikle <strong>\u0131\u015f\u0131k ihtiyac\u0131n\u0131n y\u00fcksek oldu\u011fu ve modern tasar\u0131m\u0131n \u00f6n planda oldu\u011fu alanlarda<\/strong> kullan\u0131l\u0131r:<\/p>\n                    <ul>\n                      <li><strong>Balkon ve Teraslar:<\/strong> Maksimum g\u00f6r\u00fc\u015f ve do\u011fal \u0131\u015f\u0131k sa\u011flar.<\/li>\n                      <li><strong>Ofis ve Ticari Alanlar:<\/strong> Modern, \u015feffaf ve prestijli bir g\u00f6r\u00fcn\u00fcm sunar.<\/li>\n                      <li><strong>Cephe Uygulamalar\u0131:<\/strong> Binan\u0131n estetik ve modern cephe tasar\u0131m\u0131na katk\u0131 sa\u011flar.<\/li>\n                      <li><strong>Restoran ve Kafeler:<\/strong> A\u00e7\u0131l\u0131r kapan\u0131r yap\u0131s\u0131 ile esnek kullan\u0131m sa\u011flar.<\/li>\n                      <li><strong>Otel ve Konut Projeleri:<\/strong> Modern tasar\u0131m ve ferah mekanlar yarat\u0131r.<\/li>\n                    <\/ul>\n                    <h3><strong>Kullan\u0131m Ama\u00e7lar\u0131<\/strong><\/h3>\n                    <ol>\n                      <li><strong>Estetik ve Modern Tasar\u0131m:<\/strong><\/li>\n                    <\/ol>\n                    <ul>\n                      <li class=\"ql-indent-1\">Cam paneller ve \u015feffaf y\u00fczey ile mekanlara modern bir g\u00f6r\u00fcn\u00fcm kazand\u0131r\u0131r.<\/li>\n                    <\/ul>\n                    <ol>\n                      <li><strong>Do\u011fal I\u015f\u0131k ve G\u00f6rsellik:<\/strong><\/li>\n                    <\/ol>\n                    <ul>\n                      <li class=\"ql-indent-1\">Mek\u00e2na maksimum do\u011fal \u0131\u015f\u0131k sa\u011flar ve ferah bir ortam yarat\u0131r.<\/li>\n                    <\/ul>\n                    <ol>\n                      <li><strong>Konforlu Kullan\u0131m:<\/strong><\/li>\n                    <\/ol>\n                    <ul>\n                      <li class=\"ql-indent-1\">Manuel veya otomatik mekanizma ile cam paneller kolayca a\u00e7\u0131l\u0131p kapan\u0131r.<\/li>\n                    <\/ul>\n                    <ol>\n                      <li><strong>Enerji Tasarrufu:<\/strong><\/li>\n                    <\/ol>\n                    <ul>\n                      <li class=\"ql-indent-1\">Yal\u0131t\u0131ml\u0131 cam paneller ile \u0131s\u0131 kayb\u0131n\u0131 azalt\u0131r.<\/li>\n                    <\/ul>\n                    <ol>\n                      <li><strong>G\u00fcvenlik:<\/strong><\/li>\n                    <\/ol>\n                    <ul>\n                      <li class=\"ql-indent-1\">Temperli veya lamineli camlar ile g\u00fcvenli kullan\u0131m sunar.<\/li>\n                      <li class=\"ql-indent-1\">Mekanizma g\u00fcvenlik kilitleri ile kazalar\u0131 \u00f6nler.<\/li>\n                    <\/ul>\n                    <h3><strong>Teknik \u00d6zellikler<\/strong><\/h3>\n                    <ul>\n                      <li><strong>Malzeme:<\/strong> Temperli cam, lamineli cam, al\u00fcminyum \u00e7er\u00e7eve<\/li>\n                      <li><strong>Mekanizma:<\/strong> A\u011f\u0131rl\u0131k dengeli, piston veya hidrolik sistem<\/li>\n                      <li><strong>A\u00e7ma\/Kapama:<\/strong> Manuel veya otomatik<\/li>\n                      <li><strong>Boyut:<\/strong> Standart veya \u00f6zel \u00f6l\u00e7\u00fclere uygun \u00fcretim<\/li>\n                      <li><strong>Yal\u0131t\u0131m:<\/strong> Is\u0131 ve ses yal\u0131t\u0131m\u0131 sa\u011flayan cam se\u00e7enekleri<\/li>\n                      <li><strong>G\u00fcvenlik:<\/strong> Emniyet kilitleri ve kontroll\u00fc hareket sistemi<\/li>\n                      <li><strong>Estetik:<\/strong> \u015eeffaf veya hafif tonlu cam se\u00e7enekleri<\/li>\n                    <\/ul>\n                    <h3><strong>Avantajlar\u0131<\/strong><\/h3>\n                    <ul>\n                      <li>Modern ve estetik bir g\u00f6r\u00fcn\u00fcm sa\u011flar.<\/li>\n                      <li>Maksimum do\u011fal \u0131\u015f\u0131k ve ferah ortam olu\u015fturur.<\/li>\n                      <li>Mek\u00e2nda kullan\u0131m konforunu art\u0131r\u0131r.<\/li>\n                      <li>Enerji verimlili\u011fi sa\u011flar ve yal\u0131t\u0131m\u0131 destekler.<\/li>\n                      <li>G\u00fcvenli ve kontroll\u00fc bir kullan\u0131m sunar.<\/li>\n                      <li>Hem i\u00e7 hem de d\u0131\u015f mekan uygulamalar\u0131nda kullan\u0131labilir.<\/li>\n                    <\/ul>\n                    <h3><strong>Bak\u0131m ve Servis Kolayl\u0131\u011f\u0131<\/strong><\/h3>\n                    <p>Giyotin cam sistemlerinin uzun \u00f6m\u00fcrl\u00fc ve g\u00fcvenli \u00e7al\u0131\u015fmas\u0131 i\u00e7in d\u00fczenli bak\u0131m \u00f6nemlidir:<\/p>\n                    <ul>\n                      <li>Mekanik sistem ve pistonlar\u0131n ya\u011flanmas\u0131 ve kontrol edilmesi<\/li>\n                      <li>Cam y\u00fczeylerin temizli\u011fi ve \u00e7izik kontrolleri<\/li>\n                      <li>Emniyet kilitleri ve hareket mekanizmas\u0131n\u0131n test edilmesi<\/li>\n                      <li>Otomatik sistemlerde motor ve sens\u00f6r kontrolleri<\/li>\n                      <li>Mekanizman\u0131n d\u00fczg\u00fcn \u00e7al\u0131\u015fmas\u0131 i\u00e7in periyodik teknik kontrol<\/li>\n                    <\/ul>\n                    <p>D\u00fczenli bak\u0131m ile giyotin cam sistemleri y\u0131llarca g\u00fcvenli ve estetik bir \u015fekilde \u00e7al\u0131\u015f\u0131r.<\/p>\n                    <h3><strong>Sonu\u00e7<\/strong><\/h3>\n                    <p>Giyotin cam sistemleri, <strong>modern mimari, estetik ve fonksiyonelli\u011fi bir araya getiren yenilik\u00e7i cam \u00e7\u00f6z\u00fcmleridir<\/strong>.\n                      <br> Balkonlardan cephe uygulamalar\u0131na, ofislerden otellere kadar geni\u015f kullan\u0131m alan\u0131 sunar.<\/p>\n                    <p>Cam panellerin dikey hareketi, hem ferah ve ayd\u0131nl\u0131k mekanlar yarat\u0131r hem de kullan\u0131m kolayl\u0131\u011f\u0131 ve g\u00fcvenlik sa\u011flar.\n                      <br> Modern malzeme ve mekanizma se\u00e7enekleri ile giyotin cam sistemleri, hem estetik hem de fonksiyonel a\u00e7\u0131dan binalar\u0131n vazge\u00e7ilmez elemanlar\u0131ndan biridir.<\/p>\n                  <\/div>\n                <\/div>\n              <\/div>\n            <\/div>\n          <\/div>\n        <\/div>\n      <\/div>\n    <\/div>\n  <\/div>\n<\/div>","protected":false},"excerpt":{"rendered":"<p>Giyotin Cam Sistemleri: Modern Mimari ve Fonksiyonelli\u011fin Bulu\u015ftu\u011fu \u00c7\u00f6z\u00fcm Giyotin cam sistemleri, modern [&hellip;]<\/p>\n","protected":false},"author":1,"featured_media":0,"parent":0,"menu_order":0,"comment_status":"closed","ping_status":"closed","template":"page-templates\/full-width-page.php","meta":{"saved_in_kubio":false,"footnotes":""},"class_list":["post-1569","page","type-page","status-publish","hentry"],"kubio_ai_page_context":{"short_desc":"","purpose":"general"},"_links":{"self":[{"href":"https:\/\/www.demirdoor.com\/index.php\/wp-json\/wp\/v2\/pages\/1569","targetHints":{"allow":["GET"]}}],"collection":[{"href":"https:\/\/www.demirdoor.com\/index.php\/wp-json\/wp\/v2\/pages"}],"about":[{"href":"https:\/\/www.demirdoor.com\/index.php\/wp-json\/wp\/v2\/types\/page"}],"author":[{"embeddable":true,"href":"https:\/\/www.demirdoor.com\/index.php\/wp-json\/wp\/v2\/users\/1"}],"replies":[{"embeddable":true,"href":"https:\/\/www.demirdoor.com\/index.php\/wp-json\/wp\/v2\/comments?post=1569"}],"version-history":[{"count":2,"href":"https:\/\/www.demirdoor.com\/index.php\/wp-json\/wp\/v2\/pages\/1569\/revisions"}],"predecessor-version":[{"id":1575,"href":"https:\/\/www.demirdoor.com\/index.php\/wp-json\/wp\/v2\/pages\/1569\/revisions\/1575"}],"wp:attachment":[{"href":"https:\/\/www.demirdoor.com\/index.php\/wp-json\/wp\/v2\/media?parent=1569"}],"curies":[{"name":"wp","href":"https:\/\/api.w.org\/{rel}","templated":true}]}}