{"id":1761,"date":"2025-10-27T03:30:33","date_gmt":"2025-10-27T03:30:33","guid":{"rendered":"http:\/\/www.demirdoor.com\/?page_id=1761"},"modified":"2025-10-27T03:31:18","modified_gmt":"2025-10-27T03:31:18","slug":"mantar-bariyer","status":"publish","type":"page","link":"https:\/\/www.demirdoor.com\/index.php\/mantar-bariyer\/","title":{"rendered":"MANTAR BAR\u0130YER"},"content":{"rendered":"<div data-colibri-id=\"1761-c1\" class=\"style-1844 style-local-1761-c1 position-relative\">\n  <!---->\n  <div data-colibri-component=\"section\" data-colibri-id=\"1761-c2\" id=\"custom\" class=\"h-section h-section-global-spacing d-flex align-items-lg-center align-items-md-center align-items-center style-1845 style-local-1761-c2 position-relative\">\n    <!---->\n    <!---->\n    <div class=\"h-section-grid-container h-section-boxed-container\">\n      <!---->\n      <div data-colibri-id=\"1761-c3\" class=\"h-row-container gutters-row-lg-2 gutters-row-md-2 gutters-row-0 gutters-row-v-lg-2 gutters-row-v-md-2 gutters-row-v-2 style-1846 style-local-1761-c3 position-relative\">\n        <!---->\n        <div class=\"h-row justify-content-lg-center justify-content-md-center justify-content-center align-items-lg-stretch align-items-md-stretch align-items-stretch gutters-col-lg-2 gutters-col-md-2 gutters-col-0 gutters-col-v-lg-2 gutters-col-v-md-2 gutters-col-v-2\">\n          <!---->\n          <div class=\"h-column h-column-container d-flex h-col-lg-auto h-col-md-auto h-col-auto style-1847-outer style-local-1761-c4-outer\">\n            <div data-colibri-id=\"1761-c4\" class=\"d-flex h-flex-basis h-column__inner h-px-lg-2 h-px-md-2 h-px-2 v-inner-lg-2 v-inner-md-2 v-inner-2 style-1847 style-local-1761-c4 position-relative\">\n              <!---->\n              <!---->\n              <div class=\"w-100 h-y-container h-column__content h-column__v-align flex-basis-100 align-self-lg-start align-self-md-start align-self-start\">\n                <!---->\n                <div data-colibri-id=\"1761-c6\" class=\"d-block style-1849 style-local-1761-c6 position-relative h-element\">\n                  <!---->\n                  <div class=\"h-image__frame-container-outer\">\n                    <div class=\"h-image__frame-container\">\n                      <!---->\n                      <!---->\n                      <img loading=\"lazy\" decoding=\"async\" width=\"500\" height=\"500\" src=\"http:\/\/www.demirdoor.com\/wp-content\/uploads\/2025\/10\/cropped-mantar.jpg\" class=\"wp-image-1765 style-1849-image style-local-1761-c6-image\" alt=\"\" srcset=\"https:\/\/www.demirdoor.com\/wp-content\/uploads\/2025\/10\/cropped-mantar.jpg 500w, https:\/\/www.demirdoor.com\/wp-content\/uploads\/2025\/10\/cropped-mantar-300x300.jpg 300w, https:\/\/www.demirdoor.com\/wp-content\/uploads\/2025\/10\/cropped-mantar-150x150.jpg 150w\" sizes=\"(max-width: 500px) 100vw, 500px\" \/>\n                      <div class=\"h-image__frame h-hide-lg h-hide-md h-hide-sm style-1849-frameImage style-local-1761-c6-frameImage\"><\/div>\n                    <\/div>\n                  <\/div>\n                <\/div>\n                <div data-colibri-id=\"1761-c5\" class=\"h-text h-text-component style-1848 style-local-1761-c5 position-relative h-element\">\n                  <!---->\n                  <!---->\n                  <div class=\"\">\n                    <h2><strong>Mantar Bariyer: Modern G\u00fcvenlik, Estetik ve Trafik Kontrol \u00c7\u00f6z\u00fcm\u00fc<\/strong><\/h2>\n                    <p>Kentle\u015fmenin artmas\u0131, \u00f6zel m\u00fclklerin ve kamu alanlar\u0131n\u0131n g\u00fcvenlik gereksinimlerini \u00f6n plana \u00e7\u0131karm\u0131\u015ft\u0131r. Bu ba\u011flamda, <strong>mantar bariyerler<\/strong>, ara\u00e7 ge\u00e7i\u015fini kontroll\u00fc hale getiren, g\u00fcvenli\u011fi art\u0131ran ve estetik g\u00f6r\u00fcn\u00fcm\u00fcyle\n                      modern alanlarda tercih edilen sistemlerdir. \u00d6zellikle <strong>site, otopark, plaza, fabrika, havaalan\u0131 ve kamu binalar\u0131<\/strong> gibi alanlarda kullan\u0131lmaktad\u0131r.<\/p>\n                    <h3><strong>Mantar Bariyer Nedir?<\/strong><\/h3>\n                    <p>Mantar bariyer, <strong>zemine monte edilen ve gerekti\u011finde y\u00fckselip al\u00e7alarak ara\u00e7 ge\u00e7i\u015fini kontrol eden hidrolik veya mekanik sistemli bariyerdir<\/strong>.<\/p>\n                    <ul>\n                      <li><strong>Temel \u00d6zellik:<\/strong> Bariyer g\u00f6vdesi yerden y\u00fckselerek ara\u00e7 ge\u00e7i\u015fini engeller ve al\u00e7al\u0131nca ge\u00e7i\u015fe izin verir.<\/li>\n                      <li><strong>Malzeme:<\/strong> Y\u00fcksek mukavemetli \u00e7elik veya al\u00fcminyum g\u00f6vde; paslanmaya kar\u015f\u0131 dayan\u0131kl\u0131 kaplama.<\/li>\n                      <li><strong>Kullan\u0131m Alan\u0131:<\/strong> Site giri\u015fleri, \u00f6zel m\u00fclkler, otoparklar, kamu binalar\u0131 ve ticari tesisler.<\/li>\n                      <li><strong>Tasar\u0131m:<\/strong> Modern, estetik ve kompakt tasar\u0131m ile \u00e7evre d\u00fczenlemesine uyum sa\u011flar.<\/li>\n                    <\/ul>\n                    <p>Mantar bariyerler, <strong>y\u00fcksek g\u00fcvenlik ve kontrol\u00fcn yan\u0131 s\u0131ra estetik ve fonksiyonel kullan\u0131m<\/strong> sunar.<\/p>\n                    <h3><strong>\u00c7al\u0131\u015fma Prensibi<\/strong><\/h3>\n                    <p>Mantar bariyerler, <strong>hidrolik, pn\u00f6matik veya elektrik motorlu sistemler ile yerden y\u00fckselip al\u00e7alma mekanizmas\u0131<\/strong> ile \u00e7al\u0131\u015f\u0131r:<\/p>\n                    <ol>\n                      <li><strong>Hidrolik Sistem:<\/strong><\/li>\n                    <\/ol>\n                    <ul>\n                      <li class=\"ql-indent-1\">Motor yard\u0131m\u0131yla bariyer g\u00f6vdesi y\u00fckselir veya al\u00e7al\u0131r.<\/li>\n                      <li class=\"ql-indent-1\">A\u011f\u0131r ara\u00e7lar\u0131n ge\u00e7i\u015fini engelleyebilir.<\/li>\n                    <\/ul>\n                    <ol>\n                      <li><strong>Pnomatik veya Elektrik Motorlu Sistem:<\/strong><\/li>\n                    <\/ol>\n                    <ul>\n                      <li class=\"ql-indent-1\">H\u0131zl\u0131 ve sessiz a\u00e7\u0131l\u0131p kapanma sa\u011flar.<\/li>\n                      <li class=\"ql-indent-1\">Uzaktan kumanda, kartl\u0131 ge\u00e7i\u015f sistemi veya sens\u00f6rler ile kontrol edilebilir.<\/li>\n                    <\/ul>\n                    <ol>\n                      <li><strong>G\u00fcvenlik Sens\u00f6rleri:<\/strong><\/li>\n                    <\/ol>\n                    <ul>\n                      <li class=\"ql-indent-1\">Bariyer alt\u0131ndaki sens\u00f6rler ara\u00e7 veya insan temas\u0131n\u0131 alg\u0131lar, kazalar\u0131 \u00f6nler.<\/li>\n                      <li class=\"ql-indent-1\">Foto h\u00fccreler ve emniyet sens\u00f6rleri g\u00fcvenli ge\u00e7i\u015f sa\u011flar.<\/li>\n                    <\/ul>\n                    <ol>\n                      <li><strong>Bariyer G\u00f6vdesi:<\/strong><\/li>\n                    <\/ol>\n                    <ul>\n                      <li class=\"ql-indent-1\">Y\u00fcksek dayan\u0131kl\u0131l\u0131k ve darbelere kar\u015f\u0131 mukavemet sa\u011flar.<\/li>\n                      <li class=\"ql-indent-1\">\u0130ste\u011fe g\u00f6re farkl\u0131 \u00e7ap ve y\u00fcksekliklerde \u00fcretilebilir.<\/li>\n                    <\/ul>\n                    <p>Bu mekanizma sayesinde mantar bariyerler, <strong>ara\u00e7 giri\u015f-\u00e7\u0131k\u0131\u015f\u0131n\u0131 g\u00fcvenli ve kontroll\u00fc \u015fekilde y\u00f6netir<\/strong>.<\/p>\n                    <h3><strong>Mantar Bariyer \u00c7e\u015fitleri<\/strong><\/h3>\n                    <p>Mantar bariyerler, kullan\u0131m amac\u0131na ve ihtiyaca g\u00f6re farkl\u0131 modellerde \u00fcretilir:<\/p>\n                    <ol>\n                      <li><strong>Motorlu Hidrolik Mantar Bariyerler:<\/strong><\/li>\n                    <\/ol>\n                    <ul>\n                      <li class=\"ql-indent-1\">A\u011f\u0131r ara\u00e7 ge\u00e7i\u015fini engellemek i\u00e7in y\u00fcksek dayan\u0131kl\u0131l\u0131\u011fa sahiptir.<\/li>\n                      <li class=\"ql-indent-1\">Yo\u011fun giri\u015f-\u00e7\u0131k\u0131\u015f olan alanlarda tercih edilir.<\/li>\n                    <\/ul>\n                    <ol>\n                      <li><strong>Pn\u00f6matik Mantar Bariyerler:<\/strong><\/li>\n                    <\/ol>\n                    <ul>\n                      <li class=\"ql-indent-1\">H\u0131zl\u0131 a\u00e7\u0131l\u0131p kapanma sa\u011flar.<\/li>\n                      <li class=\"ql-indent-1\">Orta yo\u011funluktaki trafik alanlar\u0131nda kullan\u0131l\u0131r.<\/li>\n                    <\/ul>\n                    <ol>\n                      <li><strong>Manuel Sistemli Mantar Bariyerler:<\/strong><\/li>\n                    <\/ol>\n                    <ul>\n                      <li class=\"ql-indent-1\">K\u00fc\u00e7\u00fck otoparklar ve d\u00fc\u015f\u00fck trafik yo\u011funlu\u011funa sahip alanlar i\u00e7in uygundur.<\/li>\n                    <\/ul>\n                    <ol>\n                      <li><strong>LED ve Sinyal Lambal\u0131 Mantar Bariyerler:<\/strong><\/li>\n                    <\/ol>\n                    <ul>\n                      <li class=\"ql-indent-1\">Gece ve d\u00fc\u015f\u00fck g\u00f6r\u00fc\u015f ko\u015fullar\u0131nda g\u00f6r\u00fcn\u00fcrl\u00fc\u011f\u00fc art\u0131r\u0131r.<\/li>\n                    <\/ul>\n                    <ol>\n                      <li><strong>G\u00fcvenlik Sens\u00f6rl\u00fc Bariyerler:<\/strong><\/li>\n                    <\/ol>\n                    <ul>\n                      <li class=\"ql-indent-1\">Ara\u00e7 veya insan alg\u0131lama sens\u00f6rleri ile kazalar\u0131n \u00f6n\u00fcne ge\u00e7er.<\/li>\n                    <\/ul>\n                    <h3><strong>Kullan\u0131m Alanlar\u0131<\/strong><\/h3>\n                    <p>Mantar bariyerler, \u00f6zellikle <strong>g\u00fcvenlik ve ara\u00e7 trafi\u011finin kontroll\u00fc y\u00f6netilmesi gereken alanlarda<\/strong> kullan\u0131l\u0131r:<\/p>\n                    <ul>\n                      <li><strong>Site ve Rezidans Giri\u015fleri:<\/strong> Yetkisiz ara\u00e7lar\u0131n giri\u015fini engeller.<\/li>\n                      <li><strong>Otoparklar:<\/strong> Ara\u00e7 trafi\u011fini g\u00fcvenli ve d\u00fczenli hale getirir.<\/li>\n                      <li><strong>Plaza ve \u0130\u015fyerleri:<\/strong> Ara\u00e7 ve personel giri\u015f-\u00e7\u0131k\u0131\u015f\u0131n\u0131 kontrol eder.<\/li>\n                      <li><strong>Kamu Binalar\u0131 ve H\u00fck\u00fcmet Tesisleri:<\/strong> Y\u00fcksek g\u00fcvenlik sa\u011flar.<\/li>\n                      <li><strong>Havaalanlar\u0131 ve Limanlar:<\/strong> Ara\u00e7 kontrol\u00fc ve g\u00fcvenli\u011fi art\u0131r\u0131r.<\/li>\n                    <\/ul>\n                    <h3><strong>Kullan\u0131m Ama\u00e7lar\u0131<\/strong><\/h3>\n                    <ol>\n                      <li><strong>G\u00fcvenlik ve Kontrol:<\/strong><\/li>\n                    <\/ol>\n                    <ul>\n                      <li class=\"ql-indent-1\">Yetkisiz ara\u00e7lar\u0131n ge\u00e7i\u015fini engeller, tesis g\u00fcvenli\u011fini sa\u011flar.<\/li>\n                    <\/ul>\n                    <ol>\n                      <li><strong>Trafik Y\u00f6netimi:<\/strong><\/li>\n                    <\/ol>\n                    <ul>\n                      <li class=\"ql-indent-1\">Ara\u00e7 ge\u00e7i\u015flerini d\u00fczenler ve ge\u00e7i\u015fleri kontroll\u00fc hale getirir.<\/li>\n                    <\/ul>\n                    <ol>\n                      <li><strong>Dayan\u0131kl\u0131l\u0131k ve Uzun \u00d6m\u00fcr:<\/strong><\/li>\n                    <\/ol>\n                    <ul>\n                      <li class=\"ql-indent-1\">\u00c7elik veya al\u00fcminyum yap\u0131s\u0131 ile uzun y\u0131llar g\u00fcvenli kullan\u0131m sa\u011flar.<\/li>\n                    <\/ul>\n                    <ol>\n                      <li><strong>H\u0131zl\u0131 ve Konforlu Kullan\u0131m:<\/strong><\/li>\n                    <\/ol>\n                    <ul>\n                      <li class=\"ql-indent-1\">Motorlu sistemler sayesinde h\u0131zl\u0131 a\u00e7\u0131l\u0131p kapanma.<\/li>\n                    <\/ul>\n                    <ol>\n                      <li><strong>Estetik ve Modern Tasar\u0131m:<\/strong><\/li>\n                    <\/ol>\n                    <ul>\n                      <li class=\"ql-indent-1\">Modern alanlara uyumlu, estetik g\u00f6r\u00fcn\u00fcm sa\u011flar.<\/li>\n                    <\/ul>\n                    <h3><strong>Teknik \u00d6zellikler<\/strong><\/h3>\n                    <ul>\n                      <li><strong>Malzeme:<\/strong> \u00c7elik veya al\u00fcminyum; paslanmaya kar\u015f\u0131 dayan\u0131kl\u0131 kaplama<\/li>\n                      <li><strong>Mekanizma:<\/strong> Hidrolik, pn\u00f6matik veya motorlu sistem<\/li>\n                      <li><strong>A\u00e7ma\/Kapama S\u00fcresi:<\/strong> 1\u20135 saniye (motorlu sistemlerde)<\/li>\n                      <li><strong>Kontrol:<\/strong> Uzaktan kumanda, kartl\u0131 ge\u00e7i\u015f, sens\u00f6r veya manuel<\/li>\n                      <li><strong>Y\u00fckseklik:<\/strong> 60\u2013120 cm aras\u0131 standart, \u00f6zelle\u015ftirilebilir<\/li>\n                      <li><strong>G\u00fcvenlik:<\/strong> Foto h\u00fccre ve emniyet sens\u00f6rleri opsiyonel<\/li>\n                      <li><strong>Montaj:<\/strong> Beton zemin veya \u00f6zel montaj platformu<\/li>\n                    <\/ul>\n                    <h3><strong>Avantajlar\u0131<\/strong><\/h3>\n                    <ul>\n                      <li>Ara\u00e7 ge\u00e7i\u015fini g\u00fcvenli ve kontroll\u00fc hale getirir.<\/li>\n                      <li>Motorlu sistem ile h\u0131zl\u0131 ve konforlu kullan\u0131m sa\u011flar.<\/li>\n                      <li>A\u011f\u0131r ara\u00e7lara kar\u015f\u0131 dayan\u0131kl\u0131 ve g\u00fcvenlidir.<\/li>\n                      <li>Alan tasarrufu sa\u011flayan kompakt tasar\u0131ma sahiptir.<\/li>\n                      <li>LED ve sens\u00f6r opsiyonlar\u0131 ile g\u00fcvenli\u011fi art\u0131r\u0131r.<\/li>\n                      <li>Estetik ve modern tasar\u0131m\u0131 ile \u00e7evreye uyum sa\u011flar.<\/li>\n                    <\/ul>\n                    <h3><strong>Bak\u0131m ve Servis Kolayl\u0131\u011f\u0131<\/strong><\/h3>\n                    <p>Mantar bariyerlerin uzun \u00f6m\u00fcrl\u00fc ve g\u00fcvenli \u00e7al\u0131\u015fmas\u0131 i\u00e7in d\u00fczenli bak\u0131m gerekir:<\/p>\n                    <ul>\n                      <li>Motor ve hidrolik sistemlerin ya\u011flanmas\u0131 ve kontrol\u00fc<\/li>\n                      <li>G\u00f6vde ve kol y\u00fczeylerinin paslanmaya kar\u015f\u0131 bak\u0131m\u0131<\/li>\n                      <li>Sens\u00f6r ve kumanda sistemlerinin test edilmesi<\/li>\n                      <li>A\u00e7\u0131l\u0131p kapanma mekanizmas\u0131n\u0131n performans testi<\/li>\n                    <\/ul>\n                    <p>D\u00fczenli bak\u0131m ile bariyerler y\u0131llarca sorunsuz ve g\u00fcvenli \u00e7al\u0131\u015f\u0131r.<\/p>\n                    <h3><strong>Sonu\u00e7<\/strong><\/h3>\n                    <p>Mantar bariyerler, <strong>ara\u00e7 giri\u015f-\u00e7\u0131k\u0131\u015f\u0131n\u0131 g\u00fcvenli, h\u0131zl\u0131 ve kontroll\u00fc bir \u015fekilde y\u00f6netmek isteyen modern tesislerin vazge\u00e7ilmez g\u00fcvenlik \u00e7\u00f6z\u00fcm\u00fcd\u00fcr<\/strong>.<\/p>\n                    <p>Site, plaza, fabrika, kamu binas\u0131 veya havaalan\u0131 gibi alanlarda, motorlu veya manuel sistem se\u00e7enekleri, sens\u00f6r ve LED opsiyonlar\u0131 ile mantar bariyerler, <strong>g\u00fcvenlik, estetik ve konforu bir arada sunar<\/strong>.<\/p>\n                  <\/div>\n                <\/div>\n              <\/div>\n            <\/div>\n          <\/div>\n        <\/div>\n      <\/div>\n    <\/div>\n  <\/div>\n<\/div>","protected":false},"excerpt":{"rendered":"<p>Mantar Bariyer: Modern G\u00fcvenlik, Estetik ve Trafik Kontrol \u00c7\u00f6z\u00fcm\u00fc Kentle\u015fmenin artmas\u0131, \u00f6zel m\u00fclklerin [&hellip;]<\/p>\n","protected":false},"author":1,"featured_media":0,"parent":0,"menu_order":0,"comment_status":"closed","ping_status":"closed","template":"page-templates\/full-width-page.php","meta":{"saved_in_kubio":false,"footnotes":""},"class_list":["post-1761","page","type-page","status-publish","hentry"],"kubio_ai_page_context":{"short_desc":"","purpose":"general"},"_links":{"self":[{"href":"https:\/\/www.demirdoor.com\/index.php\/wp-json\/wp\/v2\/pages\/1761","targetHints":{"allow":["GET"]}}],"collection":[{"href":"https:\/\/www.demirdoor.com\/index.php\/wp-json\/wp\/v2\/pages"}],"about":[{"href":"https:\/\/www.demirdoor.com\/index.php\/wp-json\/wp\/v2\/types\/page"}],"author":[{"embeddable":true,"href":"https:\/\/www.demirdoor.com\/index.php\/wp-json\/wp\/v2\/users\/1"}],"replies":[{"embeddable":true,"href":"https:\/\/www.demirdoor.com\/index.php\/wp-json\/wp\/v2\/comments?post=1761"}],"version-history":[{"count":2,"href":"https:\/\/www.demirdoor.com\/index.php\/wp-json\/wp\/v2\/pages\/1761\/revisions"}],"predecessor-version":[{"id":1767,"href":"https:\/\/www.demirdoor.com\/index.php\/wp-json\/wp\/v2\/pages\/1761\/revisions\/1767"}],"wp:attachment":[{"href":"https:\/\/www.demirdoor.com\/index.php\/wp-json\/wp\/v2\/media?parent=1761"}],"curies":[{"name":"wp","href":"https:\/\/api.w.org\/{rel}","templated":true}]}}