{"id":1772,"date":"2025-10-27T03:31:44","date_gmt":"2025-10-27T03:31:44","guid":{"rendered":"http:\/\/www.demirdoor.com\/?page_id=1772"},"modified":"2025-10-27T03:32:32","modified_gmt":"2025-10-27T03:32:32","slug":"road-blocker-bariyer","status":"publish","type":"page","link":"https:\/\/www.demirdoor.com\/index.php\/road-blocker-bariyer\/","title":{"rendered":"ROAD BLOCKER BAR\u0130YER"},"content":{"rendered":"<div data-colibri-id=\"1772-c1\" class=\"style-1850 style-local-1772-c1 position-relative\">\n  <!---->\n  <div data-colibri-component=\"section\" data-colibri-id=\"1772-c2\" id=\"custom\" class=\"h-section h-section-global-spacing d-flex align-items-lg-center align-items-md-center align-items-center style-1851 style-local-1772-c2 position-relative\">\n    <!---->\n    <!---->\n    <div class=\"h-section-grid-container h-section-boxed-container\">\n      <!---->\n      <div data-colibri-id=\"1772-c3\" class=\"h-row-container gutters-row-lg-2 gutters-row-md-2 gutters-row-0 gutters-row-v-lg-2 gutters-row-v-md-2 gutters-row-v-2 style-1852 style-local-1772-c3 position-relative\">\n        <!---->\n        <div class=\"h-row justify-content-lg-center justify-content-md-center justify-content-center align-items-lg-stretch align-items-md-stretch align-items-stretch gutters-col-lg-2 gutters-col-md-2 gutters-col-0 gutters-col-v-lg-2 gutters-col-v-md-2 gutters-col-v-2\">\n          <!---->\n          <div class=\"h-column h-column-container d-flex h-col-lg-auto h-col-md-auto h-col-auto style-1853-outer style-local-1772-c4-outer\">\n            <div data-colibri-id=\"1772-c4\" class=\"d-flex h-flex-basis h-column__inner h-px-lg-2 h-px-md-2 h-px-2 v-inner-lg-2 v-inner-md-2 v-inner-2 style-1853 style-local-1772-c4 position-relative\">\n              <!---->\n              <!---->\n              <div class=\"w-100 h-y-container h-column__content h-column__v-align flex-basis-100 align-self-lg-start align-self-md-start align-self-start\">\n                <!---->\n                <div data-colibri-id=\"1772-c6\" class=\"d-block style-1855 style-local-1772-c6 position-relative h-element\">\n                  <!---->\n                  <div class=\"h-image__frame-container-outer\">\n                    <div class=\"h-image__frame-container\">\n                      <!---->\n                      <!---->\n                      <img loading=\"lazy\" decoding=\"async\" width=\"660\" height=\"270\" src=\"http:\/\/www.demirdoor.com\/wp-content\/uploads\/2025\/10\/cropped-roadblocker.png\" class=\"wp-image-1776 style-1855-image style-local-1772-c6-image\" alt=\"\" srcset=\"https:\/\/www.demirdoor.com\/wp-content\/uploads\/2025\/10\/cropped-roadblocker.png 660w, https:\/\/www.demirdoor.com\/wp-content\/uploads\/2025\/10\/cropped-roadblocker-300x123.png 300w\" sizes=\"(max-width: 660px) 100vw, 660px\" \/>\n                      <div class=\"h-image__frame h-hide-lg h-hide-md h-hide-sm style-1855-frameImage style-local-1772-c6-frameImage\"><\/div>\n                    <\/div>\n                  <\/div>\n                <\/div>\n                <div data-colibri-id=\"1772-c5\" class=\"h-text h-text-component style-1854 style-local-1772-c5 position-relative h-element\">\n                  <!---->\n                  <!---->\n                  <div class=\"\">\n                    <h2><strong>Road Blocker Bariyer: Y\u00fcksek G\u00fcvenlik ve Kontroll\u00fc Ara\u00e7 Ge\u00e7i\u015finin Modern \u00c7\u00f6z\u00fcm\u00fc<\/strong><\/h2>\n                    <p>\u00d6zellikle <strong>kamu binalar\u0131, havaalanlar\u0131, askeri alanlar, banka ve finans kurumlar\u0131, otoparklar ile \u00f6zel tesisler<\/strong>, ara\u00e7 ge\u00e7i\u015finin s\u0131k\u0131 kontrol edilmesini ve g\u00fcvenli\u011fin maksimum seviyede olmas\u0131n\u0131 gerektirir. Bu alanlarda\n                      tercih edilen en etkili sistemlerden biri <strong>Road Blocker Bariyerlerdir<\/strong>. Road Blocker, y\u00fcksek g\u00fcvenlikli bariyerler kategorisinde yer al\u0131r ve \u00f6zellikle <strong>ara\u00e7lar\u0131n izinsiz giri\u015fini fiziksel olarak engellemek<\/strong>                      amac\u0131yla tasarlanm\u0131\u015ft\u0131r.<\/p>\n                    <h3><strong>Road Blocker Bariyer Nedir?<\/strong><\/h3>\n                    <p>Road Blocker Bariyer, <strong>zemine monte edilen ve motorlu veya hidrolik sistem ile a\u00e7\u0131l\u0131p kapanabilen, ara\u00e7 ge\u00e7i\u015fini tamamen durdurabilecek dayan\u0131kl\u0131l\u0131\u011fa sahip bir g\u00fcvenlik bariyeridir<\/strong>.<\/p>\n                    <ul>\n                      <li><strong>Temel \u00d6zellik:<\/strong> Bariyer, dikey olarak y\u00fckselerek veya al\u00e7al\u0131rken ara\u00e7 ge\u00e7i\u015fini engeller.<\/li>\n                      <li><strong>Malzeme:<\/strong> Y\u00fcksek mukavemetli \u00e7elik veya \u00f6zel ala\u015f\u0131ml\u0131 metal; paslanmaya ve darbelere kar\u015f\u0131 dayan\u0131kl\u0131.<\/li>\n                      <li><strong>Kullan\u0131m Alan\u0131:<\/strong> Kamu binalar\u0131, askeri tesisler, havaalanlar\u0131, bankalar, kritik altyap\u0131lar ve y\u00fcksek g\u00fcvenlik gerektiren ticari alanlar.<\/li>\n                      <li><strong>Tasar\u0131m:<\/strong> Modern, estetik ve g\u00fc\u00e7l\u00fc yap\u0131s\u0131 ile \u00e7evresine uyum sa\u011flar.<\/li>\n                    <\/ul>\n                    <p>Road Blocker, <strong>y\u00fcksek g\u00fcvenlik seviyesi ile ara\u00e7lar\u0131n izinsiz ge\u00e7i\u015fini engellerken, operat\u00f6r ve kullan\u0131c\u0131 konforunu da \u00f6n planda tutar<\/strong>.<\/p>\n                    <h3><strong>\u00c7al\u0131\u015fma Prensibi<\/strong><\/h3>\n                    <p>Road Blocker Bariyerler, <strong>hidrolik veya elektrik motorlu sistem ile zeminden y\u00fckselip al\u00e7alma prensibine g\u00f6re \u00e7al\u0131\u015f\u0131r<\/strong>:<\/p>\n                    <ol>\n                      <li><strong>Hidrolik Sistem:<\/strong><\/li>\n                    <\/ol>\n                    <ul>\n                      <li class=\"ql-indent-1\">Bariyer, hidrolik motor sayesinde y\u00fcksek h\u0131zda y\u00fckselip al\u00e7al\u0131r.<\/li>\n                      <li class=\"ql-indent-1\">A\u011f\u0131r ara\u00e7lar\u0131n ge\u00e7i\u015fini g\u00fcvenli \u015fekilde engeller.<\/li>\n                    <\/ul>\n                    <ol>\n                      <li><strong>Motorlu Elektrik Sistem:<\/strong><\/li>\n                    <\/ol>\n                    <ul>\n                      <li class=\"ql-indent-1\">Elektrik motoru ile h\u0131zl\u0131 ve sessiz bir a\u00e7\u0131l\u0131p kapanma sa\u011flar.<\/li>\n                      <li class=\"ql-indent-1\">Uzaktan kumanda, kartl\u0131 ge\u00e7i\u015f veya sens\u00f6r sistemi ile kontrol edilebilir.<\/li>\n                    <\/ul>\n                    <ol>\n                      <li><strong>G\u00fcvenlik Sens\u00f6rleri:<\/strong><\/li>\n                    <\/ol>\n                    <ul>\n                      <li class=\"ql-indent-1\">Bariyer alt\u0131ndaki sens\u00f6rler ara\u00e7 ve insan temas\u0131n\u0131 alg\u0131layarak kazalar\u0131 \u00f6nler.<\/li>\n                      <li class=\"ql-indent-1\">Foto h\u00fccreler ve emniyet sens\u00f6rleri ile g\u00fcvenli ge\u00e7i\u015f sa\u011flan\u0131r.<\/li>\n                    <\/ul>\n                    <ol>\n                      <li><strong>Bariyer G\u00f6vdesi ve Y\u00fczeyi:<\/strong><\/li>\n                    <\/ol>\n                    <ul>\n                      <li class=\"ql-indent-1\">A\u011f\u0131r \u00e7elik veya \u00f6zel ala\u015f\u0131ml\u0131 metalden \u00fcretilir.<\/li>\n                      <li class=\"ql-indent-1\">Darbelere kar\u015f\u0131 dayan\u0131kl\u0131d\u0131r ve y\u00fcksek g\u00fcvenlik sa\u011flar.<\/li>\n                    <\/ul>\n                    <p>Bu mekanizma sayesinde Road Blocker Bariyerler, <strong>y\u00fcksek h\u0131zda ge\u00e7en ara\u00e7lar dahil olmak \u00fczere t\u00fcm ara\u00e7lar\u0131 g\u00fcvenli \u015fekilde durdurabilir<\/strong>.<\/p>\n                    <h3><strong>Road Blocker Bariyer \u00c7e\u015fitleri<\/strong><\/h3>\n                    <p>Road Blocker bariyerler, kullan\u0131m alan\u0131na ve g\u00fcvenlik ihtiyac\u0131na g\u00f6re farkl\u0131 modellerde \u00fcretilir:<\/p>\n                    <ol>\n                      <li><strong>Hidrolik Road Blocker:<\/strong><\/li>\n                    <\/ol>\n                    <ul>\n                      <li class=\"ql-indent-1\">A\u011f\u0131r ara\u00e7lara kar\u015f\u0131 dayan\u0131kl\u0131, y\u00fcksek g\u00fcvenlik seviyesi sunar.<\/li>\n                      <li class=\"ql-indent-1\">Kamu ve askeri alanlarda tercih edilir.<\/li>\n                    <\/ul>\n                    <ol>\n                      <li><strong>Motorlu Elektrik Road Blocker:<\/strong><\/li>\n                    <\/ol>\n                    <ul>\n                      <li class=\"ql-indent-1\">Orta ve y\u00fcksek g\u00fcvenlikli ticari alanlar i\u00e7in uygundur.<\/li>\n                      <li class=\"ql-indent-1\">Uzaktan kumanda ve sens\u00f6r sistemi ile \u00e7al\u0131\u015fabilir.<\/li>\n                    <\/ul>\n                    <ol>\n                      <li><strong>LED ve Sinyal Destekli Road Blocker:<\/strong><\/li>\n                    <\/ol>\n                    <ul>\n                      <li class=\"ql-indent-1\">Gece ve d\u00fc\u015f\u00fck g\u00f6r\u00fc\u015f ko\u015fullar\u0131nda g\u00f6r\u00fcn\u00fcrl\u00fc\u011f\u00fc art\u0131r\u0131r.<\/li>\n                    <\/ul>\n                    <ol>\n                      <li><strong>Mod\u00fcler ve \u00d6zelle\u015ftirilebilir Road Blocker:<\/strong><\/li>\n                    <\/ol>\n                    <ul>\n                      <li class=\"ql-indent-1\">Ge\u00e7i\u015f geni\u015fli\u011fi, y\u00fckseklik ve renk se\u00e7enekleri ile ihtiyaca g\u00f6re \u00fcretilebilir.<\/li>\n                    <\/ul>\n                    <h3><strong>Kullan\u0131m Alanlar\u0131<\/strong><\/h3>\n                    <p>Road Blocker Bariyerler, \u00f6zellikle <strong>y\u00fcksek g\u00fcvenlik ve kontroll\u00fc ara\u00e7 ge\u00e7i\u015fi gereken alanlarda<\/strong> kullan\u0131l\u0131r:<\/p>\n                    <ul>\n                      <li><strong>Kamu Binalar\u0131:<\/strong> H\u00fck\u00fcmet binalar\u0131, belediyeler, kritik altyap\u0131 tesisleri.<\/li>\n                      <li><strong>Havaalanlar\u0131:<\/strong> Ara\u00e7 trafi\u011fini g\u00fcvenli ve kontroll\u00fc hale getirir.<\/li>\n                      <li><strong>Askeri Tesisler:<\/strong> Yetkisiz ara\u00e7 giri\u015fini engelleyerek g\u00fcvenli\u011fi sa\u011flar.<\/li>\n                      <li><strong>Bankalar ve Finans Kurumlar\u0131:<\/strong> Ara\u00e7l\u0131 sald\u0131r\u0131lara kar\u015f\u0131 y\u00fcksek koruma sa\u011flar.<\/li>\n                      <li><strong>Otopark ve Ticari Alanlar:<\/strong> Ara\u00e7 ge\u00e7i\u015flerini d\u00fczenler ve g\u00fcvenli\u011fi art\u0131r\u0131r.<\/li>\n                      <li><strong>\u00d6zel Tesisler ve End\u00fcstriyel Alanlar:<\/strong> Tesis g\u00fcvenli\u011fi ve trafik y\u00f6netimi sa\u011flar.<\/li>\n                    <\/ul>\n                    <h3><strong>Kullan\u0131m Ama\u00e7lar\u0131<\/strong><\/h3>\n                    <ol>\n                      <li><strong>Y\u00fcksek G\u00fcvenlik:<\/strong><\/li>\n                    <\/ol>\n                    <ul>\n                      <li class=\"ql-indent-1\">A\u011f\u0131r ara\u00e7lar\u0131n ve izinsiz ge\u00e7i\u015flerin \u00f6nlenmesini sa\u011flar.<\/li>\n                    <\/ul>\n                    <ol>\n                      <li><strong>Trafik Kontrol\u00fc ve D\u00fczenleme:<\/strong><\/li>\n                    <\/ol>\n                    <ul>\n                      <li class=\"ql-indent-1\">Ara\u00e7 ge\u00e7i\u015flerini d\u00fczenleyerek g\u00fcvenli ve kontroll\u00fc bir alan sunar.<\/li>\n                    <\/ul>\n                    <ol>\n                      <li><strong>Dayan\u0131kl\u0131l\u0131k ve Uzun \u00d6m\u00fcr:<\/strong><\/li>\n                    <\/ol>\n                    <ul>\n                      <li class=\"ql-indent-1\">A\u011f\u0131r \u00e7elik ve y\u00fcksek mukavemetli malzemesi ile uzun y\u0131llar g\u00fcvenli kullan\u0131m sa\u011flar.<\/li>\n                    <\/ul>\n                    <ol>\n                      <li><strong>H\u0131zl\u0131 ve Konforlu Kullan\u0131m:<\/strong><\/li>\n                    <\/ol>\n                    <ul>\n                      <li class=\"ql-indent-1\">Motorlu veya hidrolik sistemler sayesinde h\u0131zl\u0131 a\u00e7\u0131l\u0131p kapanma.<\/li>\n                    <\/ul>\n                    <ol>\n                      <li><strong>Estetik ve Modern Tasar\u0131m:<\/strong><\/li>\n                    <\/ol>\n                    <ul>\n                      <li class=\"ql-indent-1\">Modern alanlara uyumlu, estetik ve g\u00fc\u00e7l\u00fc g\u00f6r\u00fcn\u00fcm.<\/li>\n                    <\/ul>\n                    <h3><strong>Teknik \u00d6zellikler<\/strong><\/h3>\n                    <ul>\n                      <li><strong>Malzeme:<\/strong> A\u011f\u0131r \u00e7elik veya \u00f6zel ala\u015f\u0131ml\u0131 metal<\/li>\n                      <li><strong>Mekanizma:<\/strong> Hidrolik veya motorlu elektrik sistemi<\/li>\n                      <li><strong>A\u00e7ma\/Kapama S\u00fcresi:<\/strong> 3\u20136 saniye (motorlu sistemlerde)<\/li>\n                      <li><strong>Kontrol:<\/strong> Uzaktan kumanda, kartl\u0131 ge\u00e7i\u015f, sens\u00f6r veya manuel<\/li>\n                      <li><strong>Y\u00fckseklik:<\/strong> 60\u2013100 cm standart, \u00f6zel \u00f6l\u00e7\u00fcye g\u00f6re \u00fcretilebilir<\/li>\n                      <li><strong>Ge\u00e7i\u015f Geni\u015fli\u011fi:<\/strong> \u0130htiyaca g\u00f6re \u00f6zelle\u015ftirilebilir<\/li>\n                      <li><strong>G\u00fcvenlik:<\/strong> Foto h\u00fccre ve emniyet sens\u00f6rleri opsiyonel<\/li>\n                      <li><strong>Montaj:<\/strong> Beton zemin veya \u00f6zel platform<\/li>\n                    <\/ul>\n                    <h3><strong>Avantajlar\u0131<\/strong><\/h3>\n                    <ul>\n                      <li>Ara\u00e7 ge\u00e7i\u015flerini y\u00fcksek g\u00fcvenlik ile kontrol eder.<\/li>\n                      <li>Motorlu veya hidrolik sistem ile h\u0131zl\u0131 ve konforlu kullan\u0131m sa\u011flar.<\/li>\n                      <li>A\u011f\u0131r ara\u00e7lara kar\u015f\u0131 dayan\u0131kl\u0131 ve g\u00fcvenlidir.<\/li>\n                      <li>LED ve sens\u00f6r opsiyonlar\u0131 ile g\u00f6r\u00fcn\u00fcrl\u00fc\u011f\u00fc ve g\u00fcvenli\u011fi art\u0131r\u0131r.<\/li>\n                      <li>Modern tasar\u0131m\u0131 ile alan esteti\u011fini tamamlar.<\/li>\n                      <li>Uzun \u00f6m\u00fcrl\u00fc ve d\u00fc\u015f\u00fck bak\u0131m gerektirir.<\/li>\n                    <\/ul>\n                    <h3><strong>Bak\u0131m ve Servis Kolayl\u0131\u011f\u0131<\/strong><\/h3>\n                    <p>Road Blocker Bariyerlerin uzun \u00f6m\u00fcrl\u00fc ve g\u00fcvenli \u00e7al\u0131\u015fmas\u0131 i\u00e7in d\u00fczenli bak\u0131m gerekir:<\/p>\n                    <ul>\n                      <li>Motor ve hidrolik sistemlerin ya\u011flanmas\u0131 ve kontrol\u00fc<\/li>\n                      <li>G\u00f6vde ve bariyer kolunun paslanmaya kar\u015f\u0131 kontrol\u00fc<\/li>\n                      <li>Sens\u00f6r ve kumanda sistemlerinin test edilmesi<\/li>\n                      <li>A\u00e7\u0131lma ve kapanma mekanizmas\u0131n\u0131n performans testi<\/li>\n                    <\/ul>\n                    <p>D\u00fczenli bak\u0131m ile bariyerler y\u0131llarca g\u00fcvenli ve sorunsuz \u00e7al\u0131\u015f\u0131r.<\/p>\n                    <h3><strong>Sonu\u00e7<\/strong><\/h3>\n                    <p>Road Blocker Bariyerler, <strong>y\u00fcksek g\u00fcvenlik gerektiren alanlarda ara\u00e7 ge\u00e7i\u015fini kontrol etmenin en etkili \u00e7\u00f6z\u00fcm\u00fcd\u00fcr<\/strong>.<\/p>\n                    <p>Kamu binalar\u0131, havaalanlar\u0131, askeri tesisler, bankalar, ticari alanlar ve \u00f6zel tesisler i\u00e7in motorlu veya hidrolik sistem se\u00e7enekleri ile Road Blocker, <strong>ara\u00e7 ge\u00e7i\u015fini durdurma, g\u00fcvenlik ve modern tasar\u0131m<\/strong> \u00f6zelliklerini\n                      bir arada sunar.<\/p>\n                  <\/div>\n                <\/div>\n              <\/div>\n            <\/div>\n          <\/div>\n        <\/div>\n      <\/div>\n    <\/div>\n  <\/div>\n<\/div>","protected":false},"excerpt":{"rendered":"<p>Road Blocker Bariyer: Y\u00fcksek G\u00fcvenlik ve Kontroll\u00fc Ara\u00e7 Ge\u00e7i\u015finin Modern \u00c7\u00f6z\u00fcm\u00fc \u00d6zellikle kamu [&hellip;]<\/p>\n","protected":false},"author":1,"featured_media":0,"parent":0,"menu_order":0,"comment_status":"closed","ping_status":"closed","template":"page-templates\/full-width-page.php","meta":{"saved_in_kubio":false,"footnotes":""},"class_list":["post-1772","page","type-page","status-publish","hentry"],"kubio_ai_page_context":{"short_desc":"","purpose":"general"},"_links":{"self":[{"href":"https:\/\/www.demirdoor.com\/index.php\/wp-json\/wp\/v2\/pages\/1772","targetHints":{"allow":["GET"]}}],"collection":[{"href":"https:\/\/www.demirdoor.com\/index.php\/wp-json\/wp\/v2\/pages"}],"about":[{"href":"https:\/\/www.demirdoor.com\/index.php\/wp-json\/wp\/v2\/types\/page"}],"author":[{"embeddable":true,"href":"https:\/\/www.demirdoor.com\/index.php\/wp-json\/wp\/v2\/users\/1"}],"replies":[{"embeddable":true,"href":"https:\/\/www.demirdoor.com\/index.php\/wp-json\/wp\/v2\/comments?post=1772"}],"version-history":[{"count":2,"href":"https:\/\/www.demirdoor.com\/index.php\/wp-json\/wp\/v2\/pages\/1772\/revisions"}],"predecessor-version":[{"id":1778,"href":"https:\/\/www.demirdoor.com\/index.php\/wp-json\/wp\/v2\/pages\/1772\/revisions\/1778"}],"wp:attachment":[{"href":"https:\/\/www.demirdoor.com\/index.php\/wp-json\/wp\/v2\/media?parent=1772"}],"curies":[{"name":"wp","href":"https:\/\/api.w.org\/{rel}","templated":true}]}}