{"id":1865,"date":"2025-10-27T03:46:15","date_gmt":"2025-10-27T03:46:15","guid":{"rendered":"http:\/\/www.demirdoor.com\/?page_id=1865"},"modified":"2025-11-03T07:02:47","modified_gmt":"2025-11-03T07:02:47","slug":"katalog","status":"publish","type":"page","link":"https:\/\/www.demirdoor.com\/index.php\/katalog\/","title":{"rendered":"Katalog"},"content":{"rendered":"<div data-colibri-id=\"1865-c1\" class=\"style-1875 style-local-1865-c1 position-relative\">\n  <!---->\n  <div data-colibri-component=\"section\" data-colibri-id=\"1865-c2\" id=\"custom\" class=\"h-section h-section-global-spacing d-flex align-items-lg-center align-items-md-center align-items-center style-1876 style-local-1865-c2 position-relative\">\n    <!---->\n    <!---->\n    <div class=\"h-section-grid-container h-section-boxed-container\">\n      <!---->\n      <div data-colibri-id=\"1865-c3\" class=\"h-row-container gutters-row-lg-2 gutters-row-md-2 gutters-row-0 gutters-row-v-lg-2 gutters-row-v-md-2 gutters-row-v-2 style-1877 style-local-1865-c3 position-relative\">\n        <!---->\n        <div class=\"h-row justify-content-lg-center justify-content-md-center justify-content-center align-items-lg-stretch align-items-md-stretch align-items-stretch gutters-col-lg-2 gutters-col-md-2 gutters-col-0 gutters-col-v-lg-2 gutters-col-v-md-2 gutters-col-v-2\">\n          <!---->\n          <div class=\"h-column h-column-container d-flex h-col-lg-auto h-col-md-auto h-col-auto style-1878-outer style-local-1865-c4-outer\">\n            <div data-colibri-id=\"1865-c4\" class=\"d-flex h-flex-basis h-column__inner h-px-lg-2 h-px-md-2 h-px-2 v-inner-lg-2 v-inner-md-2 v-inner-2 style-1878 style-local-1865-c4 position-relative\">\n              <!---->\n              <!---->\n              <div class=\"w-100 h-y-container h-column__content h-column__v-align flex-basis-100 align-self-lg-start align-self-md-start align-self-start\">\n                <!---->\n                <div data-colibri-id=\"1865-c5\" class=\"h-global-transition-all h-heading style-1886 style-local-1865-c5 position-relative h-element\">\n                  <!---->\n                  <div class=\"h-heading__outer style-1886 style-local-1865-c5\">\n                    <!---->\n                    <!---->\n                    <h2 class=\"\">T\u00dcRK\u00c7E\n                      <br>KATALOG<\/h2>\n                  <\/div>\n                <\/div>\n                <div data-colibri-id=\"1865-c6\" class=\"h-x-container style-1882 style-local-1865-c6 position-relative h-element\">\n                  <!---->\n                  <div class=\"h-x-container-inner style-dynamic-1865-c6-group style-1882-spacing style-local-1865-c6-spacing\"><span class=\"h-button__outer style-1883-outer style-local-1865-c7-outer d-inline-flex h-element\"><a h-use-smooth-scroll=\"true\" href=\"https:\/\/www.demirdoor.com\/tr.pdf\"  data-colibri-id=\"1865-c7\" class=\"d-flex w-100 align-items-center h-button justify-content-lg-center justify-content-md-center justify-content-center style-1883 style-local-1865-c7 position-relative\"><!----><!----> <span>KATALOGA G\u0130T pPDF<\/span><\/a>\n                    <\/span>\n                  <\/div>\n                <\/div>\n                <div data-colibri-id=\"1865-c14\" class=\"h-x-container style-1897 style-local-1865-c14 position-relative h-element\">\n                  <!---->\n                  <div class=\"h-x-container-inner style-dynamic-1865-c14-group style-1897-spacing style-local-1865-c14-spacing\"><span class=\"h-button__outer style-1898-outer style-local-1865-c15-outer d-inline-flex h-element\"><a h-use-smooth-scroll=\"true\" href=\"https:\/\/www.demirdoor.com\/trkatalog.html\"  data-colibri-id=\"1865-c15\" class=\"d-flex w-100 align-items-center h-button justify-content-lg-center justify-content-md-center justify-content-center style-1898 style-local-1865-c15 position-relative\"><!----><!----> <span>ONL\u0130NE KATALOG<\/span><\/a>\n                    <\/span>\n                  <\/div>\n                <\/div>\n                <div data-colibri-id=\"1865-c8\" class=\"d-block style-1880 style-local-1865-c8 position-relative h-element\">\n                  <!---->\n                  <div class=\"h-image__frame-container-outer\">\n                    <div class=\"h-image__frame-container\">\n                      <!---->\n                      <!---->\n                      <img loading=\"lazy\" decoding=\"async\" width=\"1707\" height=\"1706\" src=\"http:\/\/www.demirdoor.com\/wp-content\/uploads\/2025\/10\/cropped-10.webp\" class=\"wp-image-1872 style-1880-image style-local-1865-c8-image\" alt=\"\" srcset=\"https:\/\/www.demirdoor.com\/wp-content\/uploads\/2025\/10\/cropped-10.webp 1707w, https:\/\/www.demirdoor.com\/wp-content\/uploads\/2025\/10\/cropped-10-300x300.webp 300w, https:\/\/www.demirdoor.com\/wp-content\/uploads\/2025\/10\/cropped-10-1024x1024.webp 1024w, https:\/\/www.demirdoor.com\/wp-content\/uploads\/2025\/10\/cropped-10-150x150.webp 150w, https:\/\/www.demirdoor.com\/wp-content\/uploads\/2025\/10\/cropped-10-768x768.webp 768w, https:\/\/www.demirdoor.com\/wp-content\/uploads\/2025\/10\/cropped-10-1536x1536.webp 1536w, https:\/\/www.demirdoor.com\/wp-content\/uploads\/2025\/10\/cropped-10-1081x1080.webp 1081w\" sizes=\"(max-width: 1707px) 100vw, 1707px\" \/>\n                      <div class=\"h-image__frame h-hide-lg h-hide-md h-hide-sm style-1880-frameImage style-local-1865-c8-frameImage\"><\/div>\n                    <\/div>\n                  <\/div>\n                <\/div>\n              <\/div>\n            <\/div>\n          <\/div>\n          <div class=\"h-column h-column-container d-flex h-col-lg-auto h-col-md-auto h-col-auto style-1879-outer style-local-1865-c9-outer\">\n            <div data-colibri-id=\"1865-c9\" class=\"d-flex h-flex-basis h-column__inner h-px-lg-2 h-px-md-2 h-px-2 v-inner-lg-2 v-inner-md-2 v-inner-2 style-1879 style-local-1865-c9 position-relative\">\n              <!---->\n              <!---->\n              <div class=\"w-100 h-y-container h-column__content h-column__v-align flex-basis-100 align-self-lg-start align-self-md-start align-self-start\">\n                <!---->\n                <div data-colibri-id=\"1865-c10\" class=\"h-global-transition-all h-heading style-1887 style-local-1865-c10 position-relative h-element\">\n                  <!---->\n                  <div class=\"h-heading__outer style-1887 style-local-1865-c10\">\n                    <!---->\n                    <!---->\n                    <h2 class=\"\">INGILIZCE\n                      <br>KATALOG<\/h2>\n                  <\/div>\n                <\/div>\n                <div data-colibri-id=\"1865-c11\" class=\"h-x-container style-1884 style-local-1865-c11 position-relative h-element\">\n                  <!---->\n                  <div class=\"h-x-container-inner style-dynamic-1865-c11-group style-1884-spacing style-local-1865-c11-spacing\"><span class=\"h-button__outer style-1885-outer style-local-1865-c12-outer d-inline-flex h-element\"><a h-use-smooth-scroll=\"true\" href=\"https:\/\/www.demirdoor.com\/eng.pdf\"  data-colibri-id=\"1865-c12\" class=\"d-flex w-100 align-items-center h-button justify-content-lg-center justify-content-md-center justify-content-center style-1885 style-local-1865-c12 position-relative\"><!----><!----> <span>KATALOGA G\u0130T PDF<\/span><\/a>\n                    <\/span>\n                  <\/div>\n                <\/div>\n                <div data-colibri-id=\"1865-c16\" class=\"h-x-container style-1899 style-local-1865-c16 position-relative h-element\">\n                  <!---->\n                  <div class=\"h-x-container-inner style-dynamic-1865-c16-group style-1899-spacing style-local-1865-c16-spacing\"><span class=\"h-button__outer style-1900-outer style-local-1865-c17-outer d-inline-flex h-element\"><a h-use-smooth-scroll=\"true\" href=\"https:\/\/www.demirdoor.com\/engkatalog.html\"  data-colibri-id=\"1865-c17\" class=\"d-flex w-100 align-items-center h-button justify-content-lg-center justify-content-md-center justify-content-center style-1900 style-local-1865-c17 position-relative\"><!----><!----> <span>ONL\u0130NE KATALOG<\/span><\/a>\n                    <\/span>\n                  <\/div>\n                <\/div>\n                <div data-colibri-id=\"1865-c13\" class=\"d-block style-1881 style-local-1865-c13 position-relative h-element\">\n                  <!---->\n                  <div class=\"h-image__frame-container-outer\">\n                    <div class=\"h-image__frame-container\">\n                      <!---->\n                      <!---->\n                      <img loading=\"lazy\" decoding=\"async\" width=\"505\" height=\"368\" src=\"http:\/\/www.demirdoor.com\/wp-content\/uploads\/2025\/10\/cropped-istockphoto-1513978246-612x612-1.jpg\" class=\"wp-image-1874 style-1881-image style-local-1865-c13-image\" alt=\"\" srcset=\"https:\/\/www.demirdoor.com\/wp-content\/uploads\/2025\/10\/cropped-istockphoto-1513978246-612x612-1.jpg 505w, https:\/\/www.demirdoor.com\/wp-content\/uploads\/2025\/10\/cropped-istockphoto-1513978246-612x612-1-300x219.jpg 300w\" sizes=\"(max-width: 505px) 100vw, 505px\" \/>\n                      <div class=\"h-image__frame h-hide-lg h-hide-md h-hide-sm style-1881-frameImage style-local-1865-c13-frameImage\"><\/div>\n                    <\/div>\n                  <\/div>\n                <\/div>\n              <\/div>\n            <\/div>\n          <\/div>\n        <\/div>\n      <\/div>\n    <\/div>\n  <\/div>\n<\/div>","protected":false},"excerpt":{"rendered":"<p>T\u00dcRK\u00c7E KATALOG KATALOGA G\u0130T pPDF ONL\u0130NE KATALOG INGILIZCE KATALOG KATALOGA G\u0130T PDF ONL\u0130NE [&hellip;]<\/p>\n","protected":false},"author":1,"featured_media":0,"parent":0,"menu_order":0,"comment_status":"closed","ping_status":"closed","template":"page-templates\/full-width-page.php","meta":{"saved_in_kubio":false,"footnotes":""},"class_list":["post-1865","page","type-page","status-publish","hentry"],"kubio_ai_page_context":{"short_desc":"","purpose":"general"},"_links":{"self":[{"href":"https:\/\/www.demirdoor.com\/index.php\/wp-json\/wp\/v2\/pages\/1865","targetHints":{"allow":["GET"]}}],"collection":[{"href":"https:\/\/www.demirdoor.com\/index.php\/wp-json\/wp\/v2\/pages"}],"about":[{"href":"https:\/\/www.demirdoor.com\/index.php\/wp-json\/wp\/v2\/types\/page"}],"author":[{"embeddable":true,"href":"https:\/\/www.demirdoor.com\/index.php\/wp-json\/wp\/v2\/users\/1"}],"replies":[{"embeddable":true,"href":"https:\/\/www.demirdoor.com\/index.php\/wp-json\/wp\/v2\/comments?post=1865"}],"version-history":[{"count":10,"href":"https:\/\/www.demirdoor.com\/index.php\/wp-json\/wp\/v2\/pages\/1865\/revisions"}],"predecessor-version":[{"id":2006,"href":"https:\/\/www.demirdoor.com\/index.php\/wp-json\/wp\/v2\/pages\/1865\/revisions\/2006"}],"wp:attachment":[{"href":"https:\/\/www.demirdoor.com\/index.php\/wp-json\/wp\/v2\/media?parent=1865"}],"curies":[{"name":"wp","href":"https:\/\/api.w.org\/{rel}","templated":true}]}}