{"id":443,"date":"2025-10-18T12:33:40","date_gmt":"2025-10-18T12:33:40","guid":{"rendered":"http:\/\/www.demirdoor.com\/?page_id=443"},"modified":"2025-10-27T04:11:28","modified_gmt":"2025-10-27T04:11:28","slug":"otomatik-kepenk-sistemleri","status":"publish","type":"page","link":"https:\/\/www.demirdoor.com\/index.php\/otomatik-kepenk-sistemleri\/","title":{"rendered":"Otomatik Kepenk Sistemleri"},"content":{"rendered":"<div data-colibri-id=\"443-c1\" class=\"style-491 style-local-443-c1 position-relative\">\n  <!---->\n  <div data-colibri-component=\"section\" data-colibri-id=\"443-c2\" id=\"reusable-sections\" class=\"h-section h-section-global-spacing d-flex align-items-lg-center align-items-md-center align-items-center style-1108 style-local-443-c2 position-relative\">\n    <!---->\n    <!---->\n    <div class=\"h-section-grid-container h-section-boxed-container\">\n      <!---->\n      <div data-colibri-id=\"443-c3\" class=\"h-row-container gutters-row-lg-2 gutters-row-md-2 gutters-row-0 gutters-row-v-lg-2 gutters-row-v-md-2 gutters-row-v-2 style-1109 style-local-443-c3 position-relative\">\n        <!---->\n        <div class=\"h-row justify-content-lg-center justify-content-md-center justify-content-center align-items-lg-stretch align-items-md-stretch align-items-stretch gutters-col-lg-2 gutters-col-md-2 gutters-col-0 gutters-col-v-lg-2 gutters-col-v-md-2 gutters-col-v-2\">\n          <!---->\n          <div class=\"h-column h-column-container d-flex h-col-lg-auto h-col-md-auto h-col-auto style-1110-outer style-local-443-c4-outer\">\n            <div data-colibri-id=\"443-c4\" class=\"d-flex h-flex-basis h-column__inner h-px-lg-2 h-px-md-2 h-px-2 v-inner-lg-2 v-inner-md-2 v-inner-2 style-1110 style-local-443-c4 position-relative\">\n              <!---->\n              <!---->\n              <div class=\"w-100 h-y-container h-column__content h-column__v-align flex-basis-100 align-self-lg-start align-self-md-start align-self-start\">\n                <!---->\n                <div data-colibri-id=\"443-c5\" class=\"d-block style-644 style-local-443-c5 position-relative h-element\">\n                  <!---->\n                  <div class=\"h-image__frame-container-outer\">\n                    <div class=\"h-image__frame-container\">\n                      <!---->\n                      <!---->\n                      <img loading=\"lazy\" decoding=\"async\" width=\"1645\" height=\"1341\" src=\"http:\/\/www.demirdoor.com\/wp-content\/uploads\/2025\/10\/cropped-1-1.jpg\" class=\"wp-image-690 style-644-image style-local-443-c5-image\" alt=\"\" srcset=\"https:\/\/www.demirdoor.com\/wp-content\/uploads\/2025\/10\/cropped-1-1.jpg 1645w, https:\/\/www.demirdoor.com\/wp-content\/uploads\/2025\/10\/cropped-1-1-300x245.jpg 300w, https:\/\/www.demirdoor.com\/wp-content\/uploads\/2025\/10\/cropped-1-1-1024x835.jpg 1024w, https:\/\/www.demirdoor.com\/wp-content\/uploads\/2025\/10\/cropped-1-1-768x626.jpg 768w, https:\/\/www.demirdoor.com\/wp-content\/uploads\/2025\/10\/cropped-1-1-1536x1252.jpg 1536w, https:\/\/www.demirdoor.com\/wp-content\/uploads\/2025\/10\/cropped-1-1-1325x1080.jpg 1325w\" sizes=\"(max-width: 1645px) 100vw, 1645px\" \/>\n                      <div class=\"h-image__frame h-hide-sm style-644-frameImage style-local-443-c5-frameImage\"><\/div>\n                    <\/div>\n                  <\/div>\n                <\/div>\n                <div data-colibri-id=\"443-c6\" class=\"h-global-transition-all h-heading style-638 style-local-443-c6 position-relative h-element\">\n                  <!---->\n                  <div class=\"h-heading__outer style-638 style-local-443-c6\">\n                    <!---->\n                    <!---->\n                    <h3 class=\"\">\u00c7ELIK KEPENK<\/h3>\n                  <\/div>\n                <\/div>\n                <div data-colibri-id=\"443-c7\" class=\"h-text h-text-component style-1112 style-local-443-c7 position-relative h-element\">\n                  <!---->\n                  <!---->\n                  <div class=\"\">\n                    <p>\u00c7elik kepenk, d\u0131\u015far\u0131dan g\u00fcvenligi saglamak<\/p>\n                    <p>i\u00e7in kullan\u0131lan ve \u00e7elik malzemeden yap\u0131lm\u0131\u015f bir t\u00fcr otomatik<\/p>\n                    <p>kap\u0131 sistemidir. \u00c7elik kepenkler, genellikle isyerleri, ticaret<\/p>\n                    <p>merkezleri, end\u00fcstriyel b\u00f6lgeler veya evlerin g\u00fcvenligini saglamak<\/p>\n                    <p>i\u00e7in kullan\u0131l\u0131r. \u00c7elik kepenkler, kolayca a\u00e7\u0131l\u0131p kapat\u0131labilir ve<\/p>\n                    <p>kilitlenebilir bir sistemdir.<\/p>\n                    <p>\n                      <br>\n                    <\/p>\n                  <\/div>\n                <\/div>\n                <div data-colibri-id=\"443-c8\" class=\"h-x-container style-1113 style-local-443-c8 position-relative h-element\">\n                  <!---->\n                  <div class=\"h-x-container-inner style-dynamic-443-c8-group style-1113-spacing style-local-443-c8-spacing\"><span class=\"h-button__outer style-1114-outer style-local-443-c9-outer d-inline-flex h-element\"><a h-use-smooth-scroll=\"true\" href=\"http:\/\/www.demirdoor.com\/index.php\/celik-kepenk\/\"  data-colibri-id=\"443-c9\" class=\"d-flex w-100 align-items-center h-button justify-content-lg-center justify-content-md-center justify-content-center style-1114 style-local-443-c9 position-relative\"><!----><!----> <span>DETAYLI \u0130NCELEY\u0130N<\/span><\/a>\n                    <\/span>\n                  <\/div>\n                <\/div>\n              <\/div>\n            <\/div>\n          <\/div>\n          <div class=\"h-column h-column-container d-flex h-col-lg-auto h-col-md-auto h-col-auto style-1115-outer style-local-443-c10-outer\">\n            <div data-colibri-id=\"443-c10\" class=\"d-flex h-flex-basis h-column__inner h-px-lg-2 h-px-md-2 h-px-2 v-inner-lg-2 v-inner-md-2 v-inner-2 style-1115 style-local-443-c10 position-relative\">\n              <!---->\n              <!---->\n              <div class=\"w-100 h-y-container h-column__content h-column__v-align flex-basis-100 align-self-lg-start align-self-md-start align-self-start\">\n                <!---->\n                <div data-colibri-id=\"443-c11\" class=\"d-block style-654 style-local-443-c11 position-relative h-element\">\n                  <!---->\n                  <div class=\"h-image__frame-container-outer\">\n                    <div class=\"h-image__frame-container\">\n                      <!---->\n                      <!---->\n                      <img loading=\"lazy\" decoding=\"async\" width=\"1644\" height=\"1322\" src=\"http:\/\/www.demirdoor.com\/wp-content\/uploads\/2025\/10\/cropped-cropped-2-1.jpg\" class=\"wp-image-692 style-654-image style-local-443-c11-image\" alt=\"\" srcset=\"https:\/\/www.demirdoor.com\/wp-content\/uploads\/2025\/10\/cropped-cropped-2-1.jpg 1644w, https:\/\/www.demirdoor.com\/wp-content\/uploads\/2025\/10\/cropped-cropped-2-1-300x241.jpg 300w, https:\/\/www.demirdoor.com\/wp-content\/uploads\/2025\/10\/cropped-cropped-2-1-1024x823.jpg 1024w, https:\/\/www.demirdoor.com\/wp-content\/uploads\/2025\/10\/cropped-cropped-2-1-768x618.jpg 768w, https:\/\/www.demirdoor.com\/wp-content\/uploads\/2025\/10\/cropped-cropped-2-1-1536x1235.jpg 1536w, https:\/\/www.demirdoor.com\/wp-content\/uploads\/2025\/10\/cropped-cropped-2-1-1343x1080.jpg 1343w\" sizes=\"(max-width: 1644px) 100vw, 1644px\" \/>\n                      <div class=\"h-image__frame h-hide-sm style-654-frameImage style-local-443-c11-frameImage\"><\/div>\n                    <\/div>\n                  <\/div>\n                <\/div>\n                <div data-colibri-id=\"443-c12\" class=\"h-global-transition-all h-heading style-648 style-local-443-c12 position-relative h-element\">\n                  <!---->\n                  <div class=\"h-heading__outer style-648 style-local-443-c12\">\n                    <!---->\n                    <!---->\n                    <h3 class=\"\">AL\u00dcM\u0130NYUM KEPENK<\/h3>\n                  <\/div>\n                <\/div>\n                <div data-colibri-id=\"443-c13\" class=\"h-text h-text-component style-1117 style-local-443-c13 position-relative h-element\">\n                  <!---->\n                  <!---->\n                  <div class=\"\">\n                    <p>Al\u00fcminyum kepenkler dayan\u0131kl\u0131l\u0131\u011f\u0131, estetik g\u00f6r\u00fcn\u00fcm\u00fc ve<\/p>\n                    <p>kullan\u0131m kolayl\u0131\u011f\u0131 ile modern ya\u015fam alanlar\u0131n\u0131n ve i\u015f yerlerinin<\/p>\n                    <p>vazge\u00e7ilmez g\u00fcvenlik \u00fcr\u00fcnlerinden biri haline gelmi\u015ftir. \u00d6zellikle<\/p>\n                    <p>h\u0131rs\u0131zl\u0131k,k\u00f6t\u00fc hava ko\u015fullar\u0131 ve a\u015f\u0131r\u0131 g\u00fcne\u015f \u0131\u015f\u0131nlar\u0131na kar\u015f\u0131 sa\u011flad\u0131\u011f\u0131<\/p>\n                    <p>koruma, al\u00fcminyum kepenkleri hem bireysel hem de ticari<\/p>\n                    <p>kullan\u0131c\u0131lar i\u00e7in pop\u00fcler bir tercih yapar.<\/p>\n                    <p>\n                      <br>\n                    <\/p>\n                  <\/div>\n                <\/div>\n                <div data-colibri-id=\"443-c14\" class=\"h-x-container style-1118 style-local-443-c14 position-relative h-element\">\n                  <!---->\n                  <div class=\"h-x-container-inner style-dynamic-443-c14-group style-1118-spacing style-local-443-c14-spacing\"><span class=\"h-button__outer style-1119-outer style-local-443-c15-outer d-inline-flex h-element\"><a h-use-smooth-scroll=\"true\" href=\"http:\/\/www.demirdoor.com\/index.php\/aluminyum-kepenk\/\"  data-colibri-id=\"443-c15\" class=\"d-flex w-100 align-items-center h-button justify-content-lg-center justify-content-md-center justify-content-center style-1119 style-local-443-c15 position-relative\"><!----><!----> <span>DETAYLI \u0130NCELEY\u0130N<\/span><\/a>\n                    <\/span>\n                  <\/div>\n                <\/div>\n              <\/div>\n            <\/div>\n          <\/div>\n          <div class=\"h-column h-column-container d-flex h-col-lg-auto h-col-md-auto h-col-auto style-1120-outer style-local-443-c16-outer\">\n            <div data-colibri-id=\"443-c16\" class=\"d-flex h-flex-basis h-column__inner h-px-lg-2 h-px-md-2 h-px-2 v-inner-lg-2 v-inner-md-2 v-inner-2 style-1120 style-local-443-c16 position-relative\">\n              <!---->\n              <!---->\n              <div class=\"w-100 h-y-container h-column__content h-column__v-align flex-basis-100 align-self-lg-start align-self-md-start align-self-start\">\n                <!---->\n                <div data-colibri-id=\"443-c17\" class=\"d-block style-664 style-local-443-c17 position-relative h-element\">\n                  <!---->\n                  <div class=\"h-image__frame-container-outer\">\n                    <div class=\"h-image__frame-container\">\n                      <!---->\n                      <!---->\n                      <img loading=\"lazy\" decoding=\"async\" width=\"1343\" height=\"1343\" src=\"http:\/\/www.demirdoor.com\/wp-content\/uploads\/2025\/10\/cropped-cropped-3.jpg\" class=\"wp-image-693 style-664-image style-local-443-c17-image\" alt=\"\" srcset=\"https:\/\/www.demirdoor.com\/wp-content\/uploads\/2025\/10\/cropped-cropped-3.jpg 1343w, https:\/\/www.demirdoor.com\/wp-content\/uploads\/2025\/10\/cropped-cropped-3-300x300.jpg 300w, https:\/\/www.demirdoor.com\/wp-content\/uploads\/2025\/10\/cropped-cropped-3-1024x1024.jpg 1024w, https:\/\/www.demirdoor.com\/wp-content\/uploads\/2025\/10\/cropped-cropped-3-150x150.jpg 150w, https:\/\/www.demirdoor.com\/wp-content\/uploads\/2025\/10\/cropped-cropped-3-768x768.jpg 768w, https:\/\/www.demirdoor.com\/wp-content\/uploads\/2025\/10\/cropped-cropped-3-1080x1080.jpg 1080w\" sizes=\"(max-width: 1343px) 100vw, 1343px\" \/>\n                      <div class=\"h-image__frame h-hide-sm style-664-frameImage style-local-443-c17-frameImage\"><\/div>\n                    <\/div>\n                  <\/div>\n                <\/div>\n                <div data-colibri-id=\"443-c18\" class=\"h-global-transition-all h-heading style-658 style-local-443-c18 position-relative h-element\">\n                  <!---->\n                  <div class=\"h-heading__outer style-658 style-local-443-c18\">\n                    <!---->\n                    <!---->\n                    <h3 class=\"\">Z\u0130NC\u0130RL\u0130 MOTOR OTOMAT\u0130K KEPENK<\/h3>\n                  <\/div>\n                <\/div>\n                <div data-colibri-id=\"443-c19\" class=\"h-text h-text-component style-1122 style-local-443-c19 position-relative h-element\">\n                  <!---->\n                  <!---->\n                  <div class=\"\">\n                    <p>Zincirli motorlar, \u00f6zellikle b\u00fcy\u00fck ve a\u011f\u0131r kap\u0131lar, panjurlar veya kepenklerin kontrol\u00fc i\u00e7in kullan\u0131lan g\u00fc\u00e7l\u00fc motorlard\u0131r. Ad\u0131ndan da anla\u015f\u0131laca\u011f\u0131 gibi, hareketi zincir mekanizmas\u0131 arac\u0131l\u0131\u011f\u0131yla ileten bu motorlar genellikle yo\u011fun kullan\u0131m\n                      ve dayan\u0131kl\u0131l\u0131k gerektiren alanlarda tercih edilir.<\/p>\n                  <\/div>\n                <\/div>\n                <div data-colibri-id=\"443-c20\" class=\"h-x-container style-1123 style-local-443-c20 position-relative h-element\">\n                  <!---->\n                  <div class=\"h-x-container-inner style-dynamic-443-c20-group style-1123-spacing style-local-443-c20-spacing\"><span class=\"h-button__outer style-1124-outer style-local-443-c21-outer d-inline-flex h-element\"><a h-use-smooth-scroll=\"true\" href=\"http:\/\/www.demirdoor.com\/index.php\/zincirli-motor-otomatik-kepenk\/\"  data-colibri-id=\"443-c21\" class=\"d-flex w-100 align-items-center h-button justify-content-lg-center justify-content-md-center justify-content-center style-1124 style-local-443-c21 position-relative\"><!----><!----> <span>DETAYLI \u0130NCELEY\u0130N<\/span><\/a>\n                    <\/span>\n                  <\/div>\n                <\/div>\n              <\/div>\n            <\/div>\n          <\/div>\n        <\/div>\n      <\/div>\n      <div data-colibri-id=\"443-c22\" class=\"h-row-container gutters-row-lg-2 gutters-row-md-2 gutters-row-0 gutters-row-v-lg-2 gutters-row-v-md-2 gutters-row-v-2 style-1125 style-local-443-c22 position-relative\">\n        <!---->\n        <div class=\"h-row justify-content-lg-center justify-content-md-center justify-content-center align-items-lg-stretch align-items-md-stretch align-items-stretch gutters-col-lg-2 gutters-col-md-2 gutters-col-0 gutters-col-v-lg-2 gutters-col-v-md-2 gutters-col-v-2\">\n          <!---->\n          <div class=\"h-column h-column-container d-flex h-col-lg-auto h-col-md-auto h-col-auto style-1126-outer style-local-443-c23-outer\">\n            <div data-colibri-id=\"443-c23\" class=\"d-flex h-flex-basis h-column__inner h-px-lg-2 h-px-md-2 h-px-2 v-inner-lg-2 v-inner-md-2 v-inner-2 style-1126 style-local-443-c23 position-relative\">\n              <!---->\n              <!---->\n              <div class=\"w-100 h-y-container h-column__content h-column__v-align flex-basis-100 align-self-lg-start align-self-md-start align-self-start\">\n                <!---->\n                <div data-colibri-id=\"443-c24\" class=\"d-block style-674 style-local-443-c24 position-relative h-element\">\n                  <!---->\n                  <div class=\"h-image__frame-container-outer\">\n                    <div class=\"h-image__frame-container\">\n                      <!---->\n                      <!---->\n                      <img loading=\"lazy\" decoding=\"async\" width=\"709\" height=\"562\" src=\"http:\/\/www.demirdoor.com\/wp-content\/uploads\/2025\/10\/cropped-2323-1.jpg\" class=\"wp-image-694 style-674-image style-local-443-c24-image\" alt=\"\" srcset=\"https:\/\/www.demirdoor.com\/wp-content\/uploads\/2025\/10\/cropped-2323-1.jpg 709w, https:\/\/www.demirdoor.com\/wp-content\/uploads\/2025\/10\/cropped-2323-1-300x238.jpg 300w\" sizes=\"(max-width: 709px) 100vw, 709px\" \/>\n                      <div class=\"h-image__frame h-hide-sm style-674-frameImage style-local-443-c24-frameImage\"><\/div>\n                    <\/div>\n                  <\/div>\n                <\/div>\n                <div data-colibri-id=\"443-c25\" class=\"h-global-transition-all h-heading style-668 style-local-443-c25 position-relative h-element\">\n                  <!---->\n                  <div class=\"h-heading__outer style-668 style-local-443-c25\">\n                    <!---->\n                    <!---->\n                    <h3 class=\"\">PORL\u0130\u00dcRETAN KEPENK<\/h3>\n                  <\/div>\n                <\/div>\n                <div data-colibri-id=\"443-c26\" class=\"h-text h-text-component style-1128 style-local-443-c26 position-relative h-element\">\n                  <!---->\n                  <!---->\n                  <div class=\"\">\n                    <p>\u015eeffaf Kepenk Sistemlerimiz ya\u015fam alanlar\u0131m\u0131z\u0131 so\u011fuk,<\/p>\n                    <p>r\u00fczgar, ses, toz vb. olumsuz d\u0131\u015f hava ve ortam etkilerinden<\/p>\n                    <p>korumak i\u00e7in kulland\u0131\u011f\u0131m\u0131z, \u015feffaf levhalardan olu\u015fan otomatik<\/p>\n                    <p>a\u00e7\u0131l\u0131p kapanan, kullan\u0131\u015fl\u0131 ve estetik korumal\u0131 yeni nesil kepenk<\/p>\n                    <p>\u00e7\u00f6z\u00fcmleridir. \u015eeffaf olmas\u0131 dolay\u0131s\u0131yla mekanlar\u0131n\u0131z olduk\u00e7a<\/p>\n                    <p>ayd\u0131nl\u0131k bir kullan\u0131m alan\u0131na sahip olur.<\/p>\n                    <p>\n                      <br>\n                    <\/p>\n                  <\/div>\n                <\/div>\n                <div data-colibri-id=\"443-c27\" class=\"h-x-container style-1129 style-local-443-c27 position-relative h-element\">\n                  <!---->\n                  <div class=\"h-x-container-inner style-dynamic-443-c27-group style-1129-spacing style-local-443-c27-spacing\"><span class=\"h-button__outer style-1130-outer style-local-443-c28-outer d-inline-flex h-element\"><a h-use-smooth-scroll=\"true\" href=\"http:\/\/www.demirdoor.com\/index.php\/porliuretan-kepenk\/\"  data-colibri-id=\"443-c28\" class=\"d-flex w-100 align-items-center h-button justify-content-lg-center justify-content-md-center justify-content-center style-1130 style-local-443-c28 position-relative\"><!----><!----> <span>DETAYLI \u0130NCELEY\u0130N<\/span><\/a>\n                    <\/span>\n                  <\/div>\n                <\/div>\n              <\/div>\n            <\/div>\n          <\/div>\n          <div class=\"h-column h-column-container d-flex h-col-lg-auto h-col-md-auto h-col-auto style-1131-outer style-local-443-c29-outer\">\n            <div data-colibri-id=\"443-c29\" class=\"d-flex h-flex-basis h-column__inner h-px-lg-2 h-px-md-2 h-px-2 v-inner-lg-2 v-inner-md-2 v-inner-2 style-1131 style-local-443-c29 position-relative\">\n              <!---->\n              <!---->\n              <div class=\"w-100 h-y-container h-column__content h-column__v-align flex-basis-100 align-self-lg-start align-self-md-start align-self-start\">\n                <!---->\n                <div data-colibri-id=\"443-c30\" class=\"d-block style-684 style-local-443-c30 position-relative h-element\">\n                  <!---->\n                  <div class=\"h-image__frame-container-outer\">\n                    <div class=\"h-image__frame-container\">\n                      <!---->\n                      <!---->\n                      <img loading=\"lazy\" decoding=\"async\" width=\"1572\" height=\"1349\" src=\"http:\/\/www.demirdoor.com\/wp-content\/uploads\/2025\/10\/cropped-5.jpg\" class=\"wp-image-695 style-684-image style-local-443-c30-image\" alt=\"\" srcset=\"https:\/\/www.demirdoor.com\/wp-content\/uploads\/2025\/10\/cropped-5.jpg 1572w, https:\/\/www.demirdoor.com\/wp-content\/uploads\/2025\/10\/cropped-5-300x257.jpg 300w, https:\/\/www.demirdoor.com\/wp-content\/uploads\/2025\/10\/cropped-5-1024x879.jpg 1024w, https:\/\/www.demirdoor.com\/wp-content\/uploads\/2025\/10\/cropped-5-768x659.jpg 768w, https:\/\/www.demirdoor.com\/wp-content\/uploads\/2025\/10\/cropped-5-1536x1318.jpg 1536w, https:\/\/www.demirdoor.com\/wp-content\/uploads\/2025\/10\/cropped-5-1259x1080.jpg 1259w\" sizes=\"(max-width: 1572px) 100vw, 1572px\" \/>\n                      <div class=\"h-image__frame h-hide-sm style-684-frameImage style-local-443-c30-frameImage\"><\/div>\n                    <\/div>\n                  <\/div>\n                <\/div>\n                <div data-colibri-id=\"443-c31\" class=\"h-global-transition-all h-heading style-1141 style-local-443-c31 position-relative h-element\">\n                  <!---->\n                  <div class=\"h-heading__outer style-1141 style-local-443-c31\">\n                    <!---->\n                    <!---->\n                    <h3 class=\"\">\u015eeffaf Kepenk<\/h3>\n                  <\/div>\n                <\/div>\n                <div data-colibri-id=\"443-c32\" class=\"h-text h-text-component style-1133 style-local-443-c32 position-relative h-element\">\n                  <!---->\n                  <!---->\n                  <div class=\"\">\n                    <p>\u015eeffaf Kepenk Sistemlerimiz ya\u015fam alanlar\u0131m\u0131z\u0131 so\u011fuk,<\/p>\n                    <p>r\u00fczgar, ses, toz vb. olumsuz d\u0131\u015f hava ve ortam etkilerinden<\/p>\n                    <p>korumak i\u00e7in kulland\u0131\u011f\u0131m\u0131z, \u015feffaf levhalardan olu\u015fan otomatik<\/p>\n                    <p>a\u00e7\u0131l\u0131p kapanan, kullan\u0131\u015fl\u0131 ve estetik korumal\u0131 yeni nesil kepenk<\/p>\n                    <p>\u00e7\u00f6z\u00fcmleridir. \u015eeffaf olmas\u0131 dolay\u0131s\u0131yla mekanlar\u0131n\u0131z olduk\u00e7a<\/p>\n                    <p>ayd\u0131nl\u0131k bir kullan\u0131m alan\u0131na sahip olur.<\/p>\n                    <p><span style=\"color: rgb(54, 65, 81); font-family: &quot;DM Sans&quot;, sans-serif; font-size: 16px; font-weight: 400;\"> olabilir.<\/span><\/p>\n                  <\/div>\n                <\/div>\n                <div data-colibri-id=\"443-c33\" class=\"h-x-container style-1134 style-local-443-c33 position-relative h-element\">\n                  <!---->\n                  <div class=\"h-x-container-inner style-dynamic-443-c33-group style-1134-spacing style-local-443-c33-spacing\"><span class=\"h-button__outer style-1135-outer style-local-443-c34-outer d-inline-flex h-element\"><a h-use-smooth-scroll=\"true\" href=\"http:\/\/www.demirdoor.com\/index.php\/seffaf-kepenk\/\"  data-colibri-id=\"443-c34\" class=\"d-flex w-100 align-items-center h-button justify-content-lg-center justify-content-md-center justify-content-center style-1135 style-local-443-c34 position-relative\"><!----><!----> <span>DETAYLI \u0130NCELEY\u0130N<\/span><\/a>\n                    <\/span>\n                  <\/div>\n                <\/div>\n              <\/div>\n            <\/div>\n          <\/div>\n        <\/div>\n      <\/div>\n    <\/div>\n  <\/div>\n<\/div>","protected":false},"excerpt":{"rendered":"<p>\u00c7ELIK KEPENK \u00c7elik kepenk, d\u0131\u015far\u0131dan g\u00fcvenligi saglamak i\u00e7in kullan\u0131lan ve \u00e7elik malzemeden yap\u0131lm\u0131\u015f [&hellip;]<\/p>\n","protected":false},"author":1,"featured_media":0,"parent":0,"menu_order":0,"comment_status":"closed","ping_status":"closed","template":"page-templates\/full-width-page.php","meta":{"saved_in_kubio":false,"footnotes":""},"class_list":["post-443","page","type-page","status-publish","hentry"],"kubio_ai_page_context":{"short_desc":"","purpose":"general"},"_links":{"self":[{"href":"https:\/\/www.demirdoor.com\/index.php\/wp-json\/wp\/v2\/pages\/443","targetHints":{"allow":["GET"]}}],"collection":[{"href":"https:\/\/www.demirdoor.com\/index.php\/wp-json\/wp\/v2\/pages"}],"about":[{"href":"https:\/\/www.demirdoor.com\/index.php\/wp-json\/wp\/v2\/types\/page"}],"author":[{"embeddable":true,"href":"https:\/\/www.demirdoor.com\/index.php\/wp-json\/wp\/v2\/users\/1"}],"replies":[{"embeddable":true,"href":"https:\/\/www.demirdoor.com\/index.php\/wp-json\/wp\/v2\/comments?post=443"}],"version-history":[{"count":20,"href":"https:\/\/www.demirdoor.com\/index.php\/wp-json\/wp\/v2\/pages\/443\/revisions"}],"predecessor-version":[{"id":1912,"href":"https:\/\/www.demirdoor.com\/index.php\/wp-json\/wp\/v2\/pages\/443\/revisions\/1912"}],"wp:attachment":[{"href":"https:\/\/www.demirdoor.com\/index.php\/wp-json\/wp\/v2\/media?parent=443"}],"curies":[{"name":"wp","href":"https:\/\/api.w.org\/{rel}","templated":true}]}}