{"id":835,"date":"2025-10-26T21:09:23","date_gmt":"2025-10-26T21:09:23","guid":{"rendered":"http:\/\/www.demirdoor.com\/?page_id=835"},"modified":"2025-10-27T02:37:21","modified_gmt":"2025-10-27T02:37:21","slug":"hastane-kayar-kapilar","status":"publish","type":"page","link":"https:\/\/www.demirdoor.com\/index.php\/hastane-kayar-kapilar\/","title":{"rendered":"HASTANE KAYAR KAPILAR"},"content":{"rendered":"<div data-colibri-id=\"835-c1\" class=\"style-796 style-local-835-c1 position-relative\">\n  <!---->\n  <div data-colibri-component=\"section\" data-colibri-id=\"835-c2\" id=\"reusable-sections-2\" class=\"h-section h-section-global-spacing d-flex align-items-lg-center align-items-md-center align-items-center style-1321 style-local-835-c2 position-relative\">\n    <!---->\n    <!---->\n    <div class=\"h-section-grid-container h-section-boxed-container\">\n      <!---->\n      <div data-colibri-id=\"835-c3\" class=\"h-row-container gutters-row-lg-2 gutters-row-md-2 gutters-row-0 gutters-row-v-lg-2 gutters-row-v-md-2 gutters-row-v-2 style-1341 style-local-835-c3 position-relative\">\n        <!---->\n        <div class=\"h-row justify-content-lg-center justify-content-md-center justify-content-center align-items-lg-stretch align-items-md-stretch align-items-stretch gutters-col-lg-2 gutters-col-md-2 gutters-col-0 gutters-col-v-lg-2 gutters-col-v-md-2 gutters-col-v-2\">\n          <!---->\n          <div class=\"h-column h-column-container d-flex h-col-lg-auto h-col-md-auto h-col-auto style-1348-outer style-local-835-c4-outer\">\n            <div data-colibri-id=\"835-c4\" class=\"d-flex h-flex-basis h-column__inner h-px-lg-2 h-px-md-2 h-px-2 v-inner-lg-2 v-inner-md-2 v-inner-2 style-1348 style-local-835-c4 position-relative\">\n              <!---->\n              <!---->\n              <div class=\"w-100 h-y-container h-column__content h-column__v-align flex-basis-100 align-self-lg-start align-self-md-start align-self-start\">\n                <!---->\n                <div data-colibri-id=\"835-c5\" class=\"d-block style-1349 style-local-835-c5 position-relative h-element\">\n                  <!---->\n                  <div class=\"h-image__frame-container-outer\">\n                    <div class=\"h-image__frame-container\">\n                      <!---->\n                      <!---->\n                      <img loading=\"lazy\" decoding=\"async\" width=\"1572\" height=\"1349\" src=\"http:\/\/www.demirdoor.com\/wp-content\/uploads\/2025\/10\/cropped-5.jpg\" class=\"wp-image-695 style-1349-image style-local-835-c5-image\" alt=\"\" srcset=\"https:\/\/www.demirdoor.com\/wp-content\/uploads\/2025\/10\/cropped-5.jpg 1572w, https:\/\/www.demirdoor.com\/wp-content\/uploads\/2025\/10\/cropped-5-300x257.jpg 300w, https:\/\/www.demirdoor.com\/wp-content\/uploads\/2025\/10\/cropped-5-1024x879.jpg 1024w, https:\/\/www.demirdoor.com\/wp-content\/uploads\/2025\/10\/cropped-5-768x659.jpg 768w, https:\/\/www.demirdoor.com\/wp-content\/uploads\/2025\/10\/cropped-5-1536x1318.jpg 1536w, https:\/\/www.demirdoor.com\/wp-content\/uploads\/2025\/10\/cropped-5-1259x1080.jpg 1259w\" sizes=\"(max-width: 1572px) 100vw, 1572px\" \/>\n                      <div class=\"h-image__frame h-hide-sm style-1349-frameImage style-local-835-c5-frameImage\"><\/div>\n                    <\/div>\n                  <\/div>\n                <\/div>\n                <div data-colibri-id=\"835-c6\" class=\"h-global-transition-all h-heading style-1350 style-local-835-c6 position-relative h-element\">\n                  <!---->\n                  <div class=\"h-heading__outer style-1350 style-local-835-c6\">\n                    <!---->\n                    <!---->\n                    <h3 class=\"\">HERMET\u0130K AMEL\u0130YATHANE KAPILARI<\/h3>\n                  <\/div>\n                <\/div>\n                <div data-colibri-id=\"835-c7\" class=\"h-text h-text-component style-1351 style-local-835-c7 position-relative h-element\">\n                  <!---->\n                  <!---->\n                  <div class=\"\">\n                    <p>Hermetik kap\u0131lar, hava ge\u00e7i\u015fini minimize ederek tam s\u0131zd\u0131rmazl\u0131k sa\u011flayan \u00f6zel<\/p>\n                    <p>kullan\u0131m alanlar\u0131 i\u00e7in geli\u015ftirilmi\u015f y\u00fcksek g\u00fcvenlikli kap\u0131 sistemleridir.<\/p>\n                    <p>\u00d6zellikle hastaneler,ameliyathaneler, laboratuvarlar, r\u00f6ntgen odalar\u0131, gemi ve<\/p>\n                    <p>tekneler ile kay\u0131t st\u00fcdyolar\u0131 gibi steril veya yal\u0131t\u0131m gerektiren alanlarda tercih edilir.<\/p>\n                    <p>\n                      <br>\n                    <\/p>\n                  <\/div>\n                <\/div>\n                <div data-colibri-id=\"835-c8\" class=\"h-x-container style-1352 style-local-835-c8 position-relative h-element\">\n                  <!---->\n                  <div class=\"h-x-container-inner style-dynamic-835-c8-group style-1352-spacing style-local-835-c8-spacing\"><span class=\"h-button__outer style-1353-outer style-local-835-c9-outer d-inline-flex h-element\"><a h-use-smooth-scroll=\"true\" href=\"http:\/\/www.demirdoor.com\/index.php\/hermetik-ameliyathane-kapilari\/\"  data-colibri-id=\"835-c9\" class=\"d-flex w-100 align-items-center h-button justify-content-lg-center justify-content-md-center justify-content-center style-1353 style-local-835-c9 position-relative\"><!----><!----> <span>DETAYLI \u0130NCELEY\u0130N<\/span><\/a>\n                    <\/span>\n                  <\/div>\n                <\/div>\n              <\/div>\n            <\/div>\n          <\/div>\n        <\/div>\n      <\/div>\n    <\/div>\n  <\/div>\n<\/div>","protected":false},"excerpt":{"rendered":"<p>HERMET\u0130K AMEL\u0130YATHANE KAPILARI Hermetik kap\u0131lar, hava ge\u00e7i\u015fini minimize ederek tam s\u0131zd\u0131rmazl\u0131k sa\u011flayan \u00f6zel [&hellip;]<\/p>\n","protected":false},"author":1,"featured_media":0,"parent":0,"menu_order":0,"comment_status":"closed","ping_status":"closed","template":"page-templates\/full-width-page.php","meta":{"saved_in_kubio":false,"footnotes":""},"class_list":["post-835","page","type-page","status-publish","hentry"],"kubio_ai_page_context":{"short_desc":"","purpose":"general"},"_links":{"self":[{"href":"https:\/\/www.demirdoor.com\/index.php\/wp-json\/wp\/v2\/pages\/835","targetHints":{"allow":["GET"]}}],"collection":[{"href":"https:\/\/www.demirdoor.com\/index.php\/wp-json\/wp\/v2\/pages"}],"about":[{"href":"https:\/\/www.demirdoor.com\/index.php\/wp-json\/wp\/v2\/types\/page"}],"author":[{"embeddable":true,"href":"https:\/\/www.demirdoor.com\/index.php\/wp-json\/wp\/v2\/users\/1"}],"replies":[{"embeddable":true,"href":"https:\/\/www.demirdoor.com\/index.php\/wp-json\/wp\/v2\/comments?post=835"}],"version-history":[{"count":4,"href":"https:\/\/www.demirdoor.com\/index.php\/wp-json\/wp\/v2\/pages\/835\/revisions"}],"predecessor-version":[{"id":1415,"href":"https:\/\/www.demirdoor.com\/index.php\/wp-json\/wp\/v2\/pages\/835\/revisions\/1415"}],"wp:attachment":[{"href":"https:\/\/www.demirdoor.com\/index.php\/wp-json\/wp\/v2\/media?parent=835"}],"curies":[{"name":"wp","href":"https:\/\/api.w.org\/{rel}","templated":true}]}}