{"id":886,"date":"2025-10-26T21:22:06","date_gmt":"2025-10-26T21:22:06","guid":{"rendered":"http:\/\/www.demirdoor.com\/?page_id=886"},"modified":"2025-10-27T03:03:24","modified_gmt":"2025-10-27T03:03:24","slug":"otomatik-giyotin-cam-sistemleri","status":"publish","type":"page","link":"https:\/\/www.demirdoor.com\/index.php\/otomatik-giyotin-cam-sistemleri\/","title":{"rendered":"OTOMAT\u0130K G\u0130YOT\u0130N CAM S\u0130STEMLER\u0130"},"content":{"rendered":"<div data-colibri-id=\"886-c1\" class=\"style-907 style-local-886-c1 position-relative\">\n  <!---->\n  <div data-colibri-component=\"section\" data-colibri-id=\"886-c2\" id=\"reusable-sections-2\" class=\"h-section h-section-global-spacing d-flex align-items-lg-center align-items-md-center align-items-center style-1387 style-local-886-c2 position-relative\">\n    <!---->\n    <!---->\n    <div class=\"h-section-grid-container h-section-boxed-container\">\n      <!---->\n      <div data-colibri-id=\"886-c3\" class=\"h-row-container gutters-row-lg-2 gutters-row-md-2 gutters-row-0 gutters-row-v-lg-2 gutters-row-v-md-2 gutters-row-v-2 style-1388 style-local-886-c3 position-relative\">\n        <!---->\n        <div class=\"h-row justify-content-lg-center justify-content-md-center justify-content-center align-items-lg-stretch align-items-md-stretch align-items-stretch gutters-col-lg-2 gutters-col-md-2 gutters-col-0 gutters-col-v-lg-2 gutters-col-v-md-2 gutters-col-v-2\">\n          <!---->\n          <div class=\"h-column h-column-container d-flex h-col-lg-auto h-col-md-auto h-col-auto style-1401-outer style-local-886-c4-outer\">\n            <div data-colibri-id=\"886-c4\" class=\"d-flex h-flex-basis h-column__inner h-px-lg-2 h-px-md-2 h-px-2 v-inner-lg-2 v-inner-md-2 v-inner-2 style-1401 style-local-886-c4 position-relative\">\n              <!---->\n              <!---->\n              <div class=\"w-100 h-y-container h-column__content h-column__v-align flex-basis-100 align-self-lg-start align-self-md-start align-self-start\">\n                <!---->\n                <div data-colibri-id=\"886-c5\" class=\"d-block style-916 style-local-886-c5 position-relative h-element\">\n                  <!---->\n                  <div class=\"h-image__frame-container-outer\">\n                    <div class=\"h-image__frame-container\">\n                      <!---->\n                      <!---->\n                      <img loading=\"lazy\" decoding=\"async\" width=\"1731\" height=\"1080\" src=\"http:\/\/www.demirdoor.com\/wp-content\/uploads\/2025\/10\/cropped-47.jpg\" class=\"wp-image-890 style-916-image style-local-886-c5-image\" alt=\"\" srcset=\"https:\/\/www.demirdoor.com\/wp-content\/uploads\/2025\/10\/cropped-47.jpg 1731w, https:\/\/www.demirdoor.com\/wp-content\/uploads\/2025\/10\/cropped-47-300x187.jpg 300w, https:\/\/www.demirdoor.com\/wp-content\/uploads\/2025\/10\/cropped-47-1024x639.jpg 1024w, https:\/\/www.demirdoor.com\/wp-content\/uploads\/2025\/10\/cropped-47-768x479.jpg 768w, https:\/\/www.demirdoor.com\/wp-content\/uploads\/2025\/10\/cropped-47-1536x958.jpg 1536w\" sizes=\"(max-width: 1731px) 100vw, 1731px\" \/>\n                      <div class=\"h-image__frame h-hide-sm style-916-frameImage style-local-886-c5-frameImage\"><\/div>\n                    <\/div>\n                  <\/div>\n                <\/div>\n                <div data-colibri-id=\"886-c6\" class=\"h-global-transition-all h-heading style-1403 style-local-886-c6 position-relative h-element\">\n                  <!---->\n                  <div class=\"h-heading__outer style-1403 style-local-886-c6\">\n                    <!---->\n                    <!---->\n                    <h3 class=\"\">G\u0130YOT\u0130N CAM S\u0130STEM\u0130<\/h3>\n                  <\/div>\n                <\/div>\n                <div data-colibri-id=\"886-c7\" class=\"h-text h-text-component style-1404 style-local-886-c7 position-relative h-element\">\n                  <!---->\n                  <!---->\n                  <div class=\"\">\n                    <p>Giyotin Cam Sistemleri; geli\u015fmi\u015f teknolojisi ve fonksiyonel<\/p>\n                    <p>\u00f6zellikleri ile ya\u015fam alanlar\u0131n\u0131 daha konforlu ve vazge\u00e7ilmez hale<\/p>\n                    <p>getirir. Giyotin cam sistemleri ile do\u011fan\u0131n olumsuz y\u00f6nlerini de\u011fil,<\/p>\n                    <p>sadece g\u00fczelliklerini ya\u015fay\u0131n. siz de\u011ferli m\u00fc\u015fterilerimize; ilkbahar,<\/p>\n                    <p>sonbahar veya k\u0131\u015f\u0131n tad\u0131n\u0131; so\u011fuk, ya\u011fmur suyu veya kar olmadan<\/p>\n                    <p>daha ferah, daha geni\u015f, daha ayd\u0131nl\u0131k dolay\u0131s\u0131yla daha fazla keyif<\/p>\n                    <p>alabilece\u011finiz d\u00f6rt mevsim ya\u015fam alanlar\u0131 sunar. r\u00fczgar, ya\u011fmur<\/p>\n                    <p>ve toz gibi d\u0131\u015f etkenlerden koruma sa\u011flar.<\/p>\n                    <p>\n                      <br>\n                    <\/p>\n                  <\/div>\n                <\/div>\n                <div data-colibri-id=\"886-c8\" class=\"h-x-container style-1405 style-local-886-c8 position-relative h-element\">\n                  <!---->\n                  <div class=\"h-x-container-inner style-dynamic-886-c8-group style-1405-spacing style-local-886-c8-spacing\"><span class=\"h-button__outer style-1406-outer style-local-886-c9-outer d-inline-flex h-element\"><a h-use-smooth-scroll=\"true\" href=\"http:\/\/www.demirdoor.com\/index.php\/giyotin-cam-sistemi\/\"  data-colibri-id=\"886-c9\" class=\"d-flex w-100 align-items-center h-button justify-content-lg-center justify-content-md-center justify-content-center style-1406 style-local-886-c9 position-relative\"><!----><!----> <span>DETAYLI \u0130NCELEY\u0130N<\/span><\/a>\n                    <\/span>\n                  <\/div>\n                <\/div>\n              <\/div>\n            <\/div>\n          <\/div>\n        <\/div>\n      <\/div>\n    <\/div>\n  <\/div>\n<\/div>","protected":false},"excerpt":{"rendered":"<p>G\u0130YOT\u0130N CAM S\u0130STEM\u0130 Giyotin Cam Sistemleri; geli\u015fmi\u015f teknolojisi ve fonksiyonel \u00f6zellikleri ile ya\u015fam [&hellip;]<\/p>\n","protected":false},"author":1,"featured_media":0,"parent":0,"menu_order":0,"comment_status":"closed","ping_status":"closed","template":"page-templates\/full-width-page.php","meta":{"saved_in_kubio":false,"footnotes":""},"class_list":["post-886","page","type-page","status-publish","hentry"],"kubio_ai_page_context":{"short_desc":"","purpose":"general"},"_links":{"self":[{"href":"https:\/\/www.demirdoor.com\/index.php\/wp-json\/wp\/v2\/pages\/886","targetHints":{"allow":["GET"]}}],"collection":[{"href":"https:\/\/www.demirdoor.com\/index.php\/wp-json\/wp\/v2\/pages"}],"about":[{"href":"https:\/\/www.demirdoor.com\/index.php\/wp-json\/wp\/v2\/types\/page"}],"author":[{"embeddable":true,"href":"https:\/\/www.demirdoor.com\/index.php\/wp-json\/wp\/v2\/users\/1"}],"replies":[{"embeddable":true,"href":"https:\/\/www.demirdoor.com\/index.php\/wp-json\/wp\/v2\/comments?post=886"}],"version-history":[{"count":4,"href":"https:\/\/www.demirdoor.com\/index.php\/wp-json\/wp\/v2\/pages\/886\/revisions"}],"predecessor-version":[{"id":1582,"href":"https:\/\/www.demirdoor.com\/index.php\/wp-json\/wp\/v2\/pages\/886\/revisions\/1582"}],"wp:attachment":[{"href":"https:\/\/www.demirdoor.com\/index.php\/wp-json\/wp\/v2\/media?parent=886"}],"curies":[{"name":"wp","href":"https:\/\/api.w.org\/{rel}","templated":true}]}}