{"id":897,"date":"2025-10-26T21:23:32","date_gmt":"2025-10-26T21:23:32","guid":{"rendered":"http:\/\/www.demirdoor.com\/?page_id=897"},"modified":"2025-10-27T03:11:04","modified_gmt":"2025-10-27T03:11:04","slug":"pergola-sistemleri","status":"publish","type":"page","link":"https:\/\/www.demirdoor.com\/index.php\/pergola-sistemleri\/","title":{"rendered":"PERGOLA S\u0130STEMLER\u0130"},"content":{"rendered":"<div data-colibri-id=\"897-c1\" class=\"style-917 style-local-897-c1 position-relative\">\n  <!---->\n  <div data-colibri-component=\"section\" data-colibri-id=\"897-c2\" id=\"reusable-sections-4\" class=\"h-section h-section-global-spacing d-flex align-items-lg-center align-items-md-center align-items-center style-1493 style-local-897-c2 position-relative\">\n    <!---->\n    <!---->\n    <div class=\"h-section-grid-container h-section-boxed-container\">\n      <!---->\n      <div data-colibri-id=\"897-c3\" class=\"h-row-container gutters-row-lg-2 gutters-row-md-2 gutters-row-0 gutters-row-v-lg-2 gutters-row-v-md-2 gutters-row-v-2 style-1494 style-local-897-c3 position-relative\">\n        <!---->\n        <div class=\"h-row justify-content-lg-center justify-content-md-center justify-content-center align-items-lg-stretch align-items-md-stretch align-items-stretch gutters-col-lg-2 gutters-col-md-2 gutters-col-0 gutters-col-v-lg-2 gutters-col-v-md-2 gutters-col-v-2\">\n          <!---->\n          <div class=\"h-column h-column-container d-flex h-col-lg-auto h-col-md-auto h-col-auto style-1495-outer style-local-897-c4-outer\">\n            <div data-colibri-id=\"897-c4\" class=\"d-flex h-flex-basis h-column__inner h-px-lg-2 h-px-md-2 h-px-2 v-inner-lg-2 v-inner-md-2 v-inner-2 style-1495 style-local-897-c4 position-relative\">\n              <!---->\n              <!---->\n              <div class=\"w-100 h-y-container h-column__content h-column__v-align flex-basis-100 align-self-lg-start align-self-md-start align-self-start\">\n                <!---->\n                <div data-colibri-id=\"897-c5\" class=\"d-block style-926 style-local-897-c5 position-relative h-element\">\n                  <!---->\n                  <div class=\"h-image__frame-container-outer\">\n                    <div class=\"h-image__frame-container\">\n                      <!---->\n                      <!---->\n                      <img loading=\"lazy\" decoding=\"async\" width=\"1261\" height=\"727\" src=\"http:\/\/www.demirdoor.com\/wp-content\/uploads\/2025\/10\/cropped-50.jpg\" class=\"wp-image-901 style-926-image style-local-897-c5-image\" alt=\"\" srcset=\"https:\/\/www.demirdoor.com\/wp-content\/uploads\/2025\/10\/cropped-50.jpg 1261w, https:\/\/www.demirdoor.com\/wp-content\/uploads\/2025\/10\/cropped-50-300x173.jpg 300w, https:\/\/www.demirdoor.com\/wp-content\/uploads\/2025\/10\/cropped-50-1024x590.jpg 1024w, https:\/\/www.demirdoor.com\/wp-content\/uploads\/2025\/10\/cropped-50-768x443.jpg 768w\" sizes=\"(max-width: 1261px) 100vw, 1261px\" \/>\n                      <div class=\"h-image__frame h-hide-sm style-926-frameImage style-local-897-c5-frameImage\"><\/div>\n                    <\/div>\n                  <\/div>\n                <\/div>\n                <div data-colibri-id=\"897-c6\" class=\"h-global-transition-all h-heading style-1497 style-local-897-c6 position-relative h-element\">\n                  <!---->\n                  <div class=\"h-heading__outer style-1497 style-local-897-c6\">\n                    <!---->\n                    <!---->\n                    <h3 class=\"\">B\u0130OKL\u0130MAT\u0130K PERGOLA<\/h3>\n                  <\/div>\n                <\/div>\n                <div data-colibri-id=\"897-c7\" class=\"h-text h-text-component style-1498 style-local-897-c7 position-relative h-element\">\n                  <!---->\n                  <!---->\n                  <div class=\"\">\n                    <p>Pergola, g\u00f6lgelendirme ama\u00e7l\u0131 yap\u0131lm\u0131\u015f \u00e7at\u0131 sistemlerinin genel ad\u0131d\u0131r.<\/p>\n                    <p>Bioklimatik pergola, al\u00fcminyum lamellerden olu\u015fan \u00e7at\u0131 sistemine sahip,<\/p>\n                    <p>motor ve uzaktan kumanda ile bu \u00e7at\u0131 sisteminin lamellerinin hareket<\/p>\n                    <p>ettirildi\u011fi g\u00f6lgelendirme yap\u0131s\u0131d\u0131r.<\/p>\n                    <p>\n                      <br>\n                    <\/p>\n                    <p>\n                      <br>\n                    <\/p>\n                    <p>\n                      <br>\n                    <\/p>\n                    <p>\n                      <br>\n                    <\/p>\n                  <\/div>\n                <\/div>\n                <div data-colibri-id=\"897-c8\" class=\"h-x-container style-1499 style-local-897-c8 position-relative h-element\">\n                  <!---->\n                  <div class=\"h-x-container-inner style-dynamic-897-c8-group style-1499-spacing style-local-897-c8-spacing\"><span class=\"h-button__outer style-1500-outer style-local-897-c9-outer d-inline-flex h-element\"><a h-use-smooth-scroll=\"true\" href=\"http:\/\/www.demirdoor.com\/index.php\/bioklimatik-pergola\/\"  data-colibri-id=\"897-c9\" class=\"d-flex w-100 align-items-center h-button justify-content-lg-center justify-content-md-center justify-content-center style-1500 style-local-897-c9 position-relative\"><!----><!----> <span>DETAYLI \u0130NCELEY\u0130N<\/span><\/a>\n                    <\/span>\n                  <\/div>\n                <\/div>\n              <\/div>\n            <\/div>\n          <\/div>\n          <div class=\"h-column h-column-container d-flex h-col-lg-auto h-col-md-auto h-col-auto style-1501-outer style-local-897-c10-outer\">\n            <div data-colibri-id=\"897-c10\" class=\"d-flex h-flex-basis h-column__inner h-px-lg-2 h-px-md-2 h-px-2 v-inner-lg-2 v-inner-md-2 v-inner-2 style-1501 style-local-897-c10 position-relative\">\n              <!---->\n              <!---->\n              <div class=\"w-100 h-y-container h-column__content h-column__v-align flex-basis-100 align-self-lg-start align-self-md-start align-self-start\">\n                <!---->\n                <div data-colibri-id=\"897-c11\" class=\"d-block style-935 style-local-897-c11 position-relative h-element\">\n                  <!---->\n                  <div class=\"h-image__frame-container-outer\">\n                    <div class=\"h-image__frame-container\">\n                      <!---->\n                      <!---->\n                      <img loading=\"lazy\" decoding=\"async\" width=\"1584\" height=\"1582\" src=\"http:\/\/www.demirdoor.com\/wp-content\/uploads\/2025\/10\/cropped-51.jpg\" class=\"wp-image-903 style-935-image style-local-897-c11-image\" alt=\"\" srcset=\"https:\/\/www.demirdoor.com\/wp-content\/uploads\/2025\/10\/cropped-51.jpg 1584w, https:\/\/www.demirdoor.com\/wp-content\/uploads\/2025\/10\/cropped-51-300x300.jpg 300w, https:\/\/www.demirdoor.com\/wp-content\/uploads\/2025\/10\/cropped-51-1024x1024.jpg 1024w, https:\/\/www.demirdoor.com\/wp-content\/uploads\/2025\/10\/cropped-51-150x150.jpg 150w, https:\/\/www.demirdoor.com\/wp-content\/uploads\/2025\/10\/cropped-51-768x767.jpg 768w, https:\/\/www.demirdoor.com\/wp-content\/uploads\/2025\/10\/cropped-51-1536x1534.jpg 1536w, https:\/\/www.demirdoor.com\/wp-content\/uploads\/2025\/10\/cropped-51-1081x1080.jpg 1081w\" sizes=\"(max-width: 1584px) 100vw, 1584px\" \/>\n                      <div class=\"h-image__frame h-hide-sm style-935-frameImage style-local-897-c11-frameImage\"><\/div>\n                    <\/div>\n                  <\/div>\n                <\/div>\n                <div data-colibri-id=\"897-c12\" class=\"h-global-transition-all h-heading style-1503 style-local-897-c12 position-relative h-element\">\n                  <!---->\n                  <div class=\"h-heading__outer style-1503 style-local-897-c12\">\n                    <!---->\n                    <!---->\n                    <h3 class=\"\">KUMA\u015e PERGOLA<\/h3>\n                  <\/div>\n                <\/div>\n                <div data-colibri-id=\"897-c13\" class=\"h-text h-text-component style-1504 style-local-897-c13 position-relative h-element\">\n                  <!---->\n                  <!---->\n                  <div class=\"\">\n                    <p>Her Mevsim \u015e\u0131kl\u0131k, Her An Konfor<\/p>\n                    <p>pergola sistemleri konut veya ticari mekanlar\u0131n\u0131z\u0131n d\u0131\u015f alanlar\u0131n\u0131 g\u00fcne\u015f, ya\u011fmur, kar ve toz gibi olumsuz ko\u015fullardan korumak ama\u00e7l\u0131d\u0131r kullan\u0131lan, yap\u0131 ruhsat\u0131 gerektirmeyen, uzaktan kumanda ile kayarak a\u00e7\u0131l\u0131p kapanan kuma\u015f \u00e7at\u0131 kapama\n                      malzemesi kullan\u0131larak uygulanan<\/p>\n                    <p>estetik, fonksiyonel ve kullan\u0131\u015fl\u0131 kayar g\u00fcne\u015flik ve g\u00f6lgelendirme sistemidir.<\/p>\n                  <\/div>\n                <\/div>\n                <div data-colibri-id=\"897-c14\" class=\"h-x-container style-1505 style-local-897-c14 position-relative h-element\">\n                  <!---->\n                  <div class=\"h-x-container-inner style-dynamic-897-c14-group style-1505-spacing style-local-897-c14-spacing\"><span class=\"h-button__outer style-1506-outer style-local-897-c15-outer d-inline-flex h-element\"><a h-use-smooth-scroll=\"true\" href=\"http:\/\/www.demirdoor.com\/index.php\/kumas-pergola\/\"  data-colibri-id=\"897-c15\" class=\"d-flex w-100 align-items-center h-button justify-content-lg-center justify-content-md-center justify-content-center style-1506 style-local-897-c15 position-relative\"><!----><!----> <span>DETAYLI \u0130NCELEY\u0130N<\/span><\/a>\n                    <\/span>\n                  <\/div>\n                <\/div>\n              <\/div>\n            <\/div>\n          <\/div>\n          <div class=\"h-column h-column-container d-flex h-col-lg-auto h-col-md-auto h-col-auto style-1507-outer style-local-897-c16-outer\">\n            <div data-colibri-id=\"897-c16\" class=\"d-flex h-flex-basis h-column__inner h-px-lg-2 h-px-md-2 h-px-2 v-inner-lg-2 v-inner-md-2 v-inner-2 style-1507 style-local-897-c16 position-relative\">\n              <!---->\n              <!---->\n              <div class=\"w-100 h-y-container h-column__content h-column__v-align flex-basis-100 align-self-lg-start align-self-md-start align-self-start\">\n                <!---->\n                <div data-colibri-id=\"897-c17\" class=\"d-block style-944 style-local-897-c17 position-relative h-element\">\n                  <!---->\n                  <div class=\"h-image__frame-container-outer\">\n                    <div class=\"h-image__frame-container\">\n                      <!---->\n                      <!---->\n                      <img loading=\"lazy\" decoding=\"async\" width=\"1568\" height=\"1568\" src=\"http:\/\/www.demirdoor.com\/wp-content\/uploads\/2025\/10\/cropped-52.jpg\" class=\"wp-image-905 style-944-image style-local-897-c17-image\" alt=\"\" srcset=\"https:\/\/www.demirdoor.com\/wp-content\/uploads\/2025\/10\/cropped-52.jpg 1568w, https:\/\/www.demirdoor.com\/wp-content\/uploads\/2025\/10\/cropped-52-300x300.jpg 300w, https:\/\/www.demirdoor.com\/wp-content\/uploads\/2025\/10\/cropped-52-1024x1024.jpg 1024w, https:\/\/www.demirdoor.com\/wp-content\/uploads\/2025\/10\/cropped-52-150x150.jpg 150w, https:\/\/www.demirdoor.com\/wp-content\/uploads\/2025\/10\/cropped-52-768x768.jpg 768w, https:\/\/www.demirdoor.com\/wp-content\/uploads\/2025\/10\/cropped-52-1536x1536.jpg 1536w, https:\/\/www.demirdoor.com\/wp-content\/uploads\/2025\/10\/cropped-52-1080x1080.jpg 1080w\" sizes=\"(max-width: 1568px) 100vw, 1568px\" \/>\n                      <div class=\"h-image__frame h-hide-sm style-944-frameImage style-local-897-c17-frameImage\"><\/div>\n                    <\/div>\n                  <\/div>\n                <\/div>\n                <div data-colibri-id=\"897-c18\" class=\"h-global-transition-all h-heading style-1509 style-local-897-c18 position-relative h-element\">\n                  <!---->\n                  <div class=\"h-heading__outer style-1509 style-local-897-c18\">\n                    <!---->\n                    <!---->\n                    <h3 class=\"\">KAV\u0130SL\u0130 KUMA\u015e PERGOLA<\/h3>\n                  <\/div>\n                <\/div>\n                <div data-colibri-id=\"897-c19\" class=\"h-text h-text-component style-1510 style-local-897-c19 position-relative h-element\">\n                  <!---->\n                  <!---->\n                  <div class=\"\">\n                    <p>Kavisli yap\u0131s\u0131 sayesinde, ya\u011fmur suyunun etkin bir \u015fekilde<\/p>\n                    <p>tahliye edilmesini sa\u011flar ve r\u00fczgar direncini art\u0131r\u0131r. Ayr\u0131ca,<\/p>\n                    <p>motorlu mekanizmas\u0131 ve uzaktan kumanda ile kontrol edilebilme<\/p>\n                    <p>\u00f6zelli\u011fi, kullan\u0131c\u0131lar\u0131n pergolay\u0131 zahmetsizce a\u00e7\u0131p<\/p>\n                    <p>kapatmas\u0131na imkan tan\u0131r.<\/p>\n                  <\/div>\n                <\/div>\n                <div data-colibri-id=\"897-c20\" class=\"h-x-container style-1511 style-local-897-c20 position-relative h-element\">\n                  <!---->\n                  <div class=\"h-x-container-inner style-dynamic-897-c20-group style-1511-spacing style-local-897-c20-spacing\"><span class=\"h-button__outer style-1512-outer style-local-897-c21-outer d-inline-flex h-element\"><a h-use-smooth-scroll=\"true\" href=\"http:\/\/www.demirdoor.com\/index.php\/kavisli-kumas-pergola\/\"  data-colibri-id=\"897-c21\" class=\"d-flex w-100 align-items-center h-button justify-content-lg-center justify-content-md-center justify-content-center style-1512 style-local-897-c21 position-relative\"><!----><!----> <span>DETAYLI \u0130NCELEY\u0130N<\/span><\/a>\n                    <\/span>\n                  <\/div>\n                <\/div>\n              <\/div>\n            <\/div>\n          <\/div>\n        <\/div>\n      <\/div>\n    <\/div>\n  <\/div>\n<\/div>","protected":false},"excerpt":{"rendered":"<p>B\u0130OKL\u0130MAT\u0130K PERGOLA Pergola, g\u00f6lgelendirme ama\u00e7l\u0131 yap\u0131lm\u0131\u015f \u00e7at\u0131 sistemlerinin genel ad\u0131d\u0131r. Bioklimatik pergola, al\u00fcminyum [&hellip;]<\/p>\n","protected":false},"author":1,"featured_media":0,"parent":0,"menu_order":0,"comment_status":"closed","ping_status":"closed","template":"page-templates\/full-width-page.php","meta":{"saved_in_kubio":false,"footnotes":""},"class_list":["post-897","page","type-page","status-publish","hentry"],"kubio_ai_page_context":{"short_desc":"","purpose":"general"},"_links":{"self":[{"href":"https:\/\/www.demirdoor.com\/index.php\/wp-json\/wp\/v2\/pages\/897","targetHints":{"allow":["GET"]}}],"collection":[{"href":"https:\/\/www.demirdoor.com\/index.php\/wp-json\/wp\/v2\/pages"}],"about":[{"href":"https:\/\/www.demirdoor.com\/index.php\/wp-json\/wp\/v2\/types\/page"}],"author":[{"embeddable":true,"href":"https:\/\/www.demirdoor.com\/index.php\/wp-json\/wp\/v2\/users\/1"}],"replies":[{"embeddable":true,"href":"https:\/\/www.demirdoor.com\/index.php\/wp-json\/wp\/v2\/comments?post=897"}],"version-history":[{"count":5,"href":"https:\/\/www.demirdoor.com\/index.php\/wp-json\/wp\/v2\/pages\/897\/revisions"}],"predecessor-version":[{"id":1622,"href":"https:\/\/www.demirdoor.com\/index.php\/wp-json\/wp\/v2\/pages\/897\/revisions\/1622"}],"wp:attachment":[{"href":"https:\/\/www.demirdoor.com\/index.php\/wp-json\/wp\/v2\/media?parent=897"}],"curies":[{"name":"wp","href":"https:\/\/api.w.org\/{rel}","templated":true}]}}