{"id":912,"date":"2025-10-26T21:26:07","date_gmt":"2025-10-26T21:26:07","guid":{"rendered":"http:\/\/www.demirdoor.com\/?page_id=912"},"modified":"2025-10-27T03:14:18","modified_gmt":"2025-10-27T03:14:18","slug":"otomatik-zip-perde-sistemleri","status":"publish","type":"page","link":"https:\/\/www.demirdoor.com\/index.php\/otomatik-zip-perde-sistemleri\/","title":{"rendered":"OTOMAT\u0130K Z\u0130P PERDE S\u0130STEMLER\u0130"},"content":{"rendered":"<div data-colibri-id=\"912-c1\" class=\"style-945 style-local-912-c1 position-relative\">\n  <!---->\n  <div data-colibri-component=\"section\" data-colibri-id=\"912-c2\" id=\"reusable-sections-3\" class=\"h-section h-section-global-spacing d-flex align-items-lg-center align-items-md-center align-items-center style-1460 style-local-912-c2 position-relative\">\n    <!---->\n    <!---->\n    <div class=\"h-section-grid-container h-section-boxed-container\">\n      <!---->\n      <div data-colibri-id=\"912-c3\" class=\"h-row-container gutters-row-lg-2 gutters-row-md-2 gutters-row-0 gutters-row-v-lg-2 gutters-row-v-md-2 gutters-row-v-2 style-1480 style-local-912-c3 position-relative\">\n        <!---->\n        <div class=\"h-row justify-content-lg-center justify-content-md-center justify-content-center align-items-lg-stretch align-items-md-stretch align-items-stretch gutters-col-lg-2 gutters-col-md-2 gutters-col-0 gutters-col-v-lg-2 gutters-col-v-md-2 gutters-col-v-2\">\n          <!---->\n          <div class=\"h-column h-column-container d-flex h-col-lg-auto h-col-md-auto h-col-auto style-1481-outer style-local-912-c4-outer\">\n            <div data-colibri-id=\"912-c4\" class=\"d-flex h-flex-basis h-column__inner h-px-lg-2 h-px-md-2 h-px-2 v-inner-lg-2 v-inner-md-2 v-inner-2 style-1481 style-local-912-c4 position-relative\">\n              <!---->\n              <!---->\n              <div class=\"w-100 h-y-container h-column__content h-column__v-align flex-basis-100 align-self-lg-start align-self-md-start align-self-start\">\n                <!---->\n                <div data-colibri-id=\"912-c5\" class=\"d-block style-954 style-local-912-c5 position-relative h-element\">\n                  <!---->\n                  <div class=\"h-image__frame-container-outer\">\n                    <div class=\"h-image__frame-container\">\n                      <!---->\n                      <!---->\n                      <img loading=\"lazy\" decoding=\"async\" width=\"1575\" height=\"1343\" src=\"http:\/\/www.demirdoor.com\/wp-content\/uploads\/2025\/10\/cropped-55.jpg\" class=\"wp-image-916 style-954-image style-local-912-c5-image\" alt=\"\" srcset=\"https:\/\/www.demirdoor.com\/wp-content\/uploads\/2025\/10\/cropped-55.jpg 1575w, https:\/\/www.demirdoor.com\/wp-content\/uploads\/2025\/10\/cropped-55-300x256.jpg 300w, https:\/\/www.demirdoor.com\/wp-content\/uploads\/2025\/10\/cropped-55-1024x873.jpg 1024w, https:\/\/www.demirdoor.com\/wp-content\/uploads\/2025\/10\/cropped-55-768x655.jpg 768w, https:\/\/www.demirdoor.com\/wp-content\/uploads\/2025\/10\/cropped-55-1536x1310.jpg 1536w, https:\/\/www.demirdoor.com\/wp-content\/uploads\/2025\/10\/cropped-55-1267x1080.jpg 1267w\" sizes=\"(max-width: 1575px) 100vw, 1575px\" \/>\n                      <div class=\"h-image__frame h-hide-sm style-954-frameImage style-local-912-c5-frameImage\"><\/div>\n                    <\/div>\n                  <\/div>\n                <\/div>\n                <div data-colibri-id=\"912-c6\" class=\"h-global-transition-all h-heading style-1483 style-local-912-c6 position-relative h-element\">\n                  <!---->\n                  <div class=\"h-heading__outer style-1483 style-local-912-c6\">\n                    <!---->\n                    <!---->\n                    <h3 class=\"\">TAVAN Z\u0130P PERDE (OTOMAT\u0130K)<\/h3>\n                  <\/div>\n                <\/div>\n                <div data-colibri-id=\"912-c7\" class=\"h-text h-text-component style-1484 style-local-912-c7 position-relative h-element\">\n                  <!---->\n                  <!---->\n                  <div class=\"\">\n                    <p>Zip stor perde, modern ya\u015fam\u0131n taleplerine m\u00fckemmel \u015fekilde<\/p>\n                    <p>uyum sa\u011flayan \u015f\u0131k ve pratik perde \u00e7\u00f6z\u00fcmleri sunar.<\/p>\n                    <p>Mekanlar\u0131n\u0131za sofistike bir dokunu\u015f katan estetik tasar\u0131mlara<\/p>\n                    <p>sahip zip stor perdeler, kaliteli malzemesi ve titiz i\u015f\u00e7ili\u011fiyle \u00f6ne<\/p>\n                    <p>\u00e7\u0131k\u0131yor Zip stor perde sadece dekorunuzu tamamlamakla kalmaz,<\/p>\n                    <p>ayn\u0131 zamanda g\u00fcne\u015f \u0131\u015f\u0131\u011f\u0131ndan koruma sa\u011flar ve mahremiyet sa\u011flar.<\/p>\n                    <p>\n                      <br>\n                    <\/p>\n                  <\/div>\n                <\/div>\n                <div data-colibri-id=\"912-c8\" class=\"h-x-container style-1485 style-local-912-c8 position-relative h-element\">\n                  <!---->\n                  <div class=\"h-x-container-inner style-dynamic-912-c8-group style-1485-spacing style-local-912-c8-spacing\"><span class=\"h-button__outer style-1486-outer style-local-912-c9-outer d-inline-flex h-element\"><a h-use-smooth-scroll=\"true\" href=\"http:\/\/www.demirdoor.com\/index.php\/tavan-zip-perde-otomatik\/\"  data-colibri-id=\"912-c9\" class=\"d-flex w-100 align-items-center h-button justify-content-lg-center justify-content-md-center justify-content-center style-1486 style-local-912-c9 position-relative\"><!----><!----> <span>DETAYLI \u0130NCELEY\u0130N<\/span><\/a>\n                    <\/span>\n                  <\/div>\n                <\/div>\n              <\/div>\n            <\/div>\n          <\/div>\n          <div class=\"h-column h-column-container d-flex h-col-lg-auto h-col-md-auto h-col-auto style-1487-outer style-local-912-c10-outer\">\n            <div data-colibri-id=\"912-c10\" class=\"d-flex h-flex-basis h-column__inner h-px-lg-2 h-px-md-2 h-px-2 v-inner-lg-2 v-inner-md-2 v-inner-2 style-1487 style-local-912-c10 position-relative\">\n              <!---->\n              <!---->\n              <div class=\"w-100 h-y-container h-column__content h-column__v-align flex-basis-100 align-self-lg-start align-self-md-start align-self-start\">\n                <!---->\n                <div data-colibri-id=\"912-c11\" class=\"d-block style-963 style-local-912-c11 position-relative h-element\">\n                  <!---->\n                  <div class=\"h-image__frame-container-outer\">\n                    <div class=\"h-image__frame-container\">\n                      <!---->\n                      <!---->\n                      <img loading=\"lazy\" decoding=\"async\" width=\"1495\" height=\"1343\" src=\"http:\/\/www.demirdoor.com\/wp-content\/uploads\/2025\/10\/cropped-56.jpg\" class=\"wp-image-918 style-963-image style-local-912-c11-image\" alt=\"\" srcset=\"https:\/\/www.demirdoor.com\/wp-content\/uploads\/2025\/10\/cropped-56.jpg 1495w, https:\/\/www.demirdoor.com\/wp-content\/uploads\/2025\/10\/cropped-56-300x269.jpg 300w, https:\/\/www.demirdoor.com\/wp-content\/uploads\/2025\/10\/cropped-56-1024x920.jpg 1024w, https:\/\/www.demirdoor.com\/wp-content\/uploads\/2025\/10\/cropped-56-768x690.jpg 768w, https:\/\/www.demirdoor.com\/wp-content\/uploads\/2025\/10\/cropped-56-1202x1080.jpg 1202w\" sizes=\"(max-width: 1495px) 100vw, 1495px\" \/>\n                      <div class=\"h-image__frame h-hide-sm style-963-frameImage style-local-912-c11-frameImage\"><\/div>\n                    <\/div>\n                  <\/div>\n                <\/div>\n                <div data-colibri-id=\"912-c12\" class=\"h-global-transition-all h-heading style-1489 style-local-912-c12 position-relative h-element\">\n                  <!---->\n                  <div class=\"h-heading__outer style-1489 style-local-912-c12\">\n                    <!---->\n                    <!---->\n                    <h3 class=\"\">D\u0130KEY Z\u0130P PERDE (OTOMAT\u0130K)<\/h3>\n                  <\/div>\n                <\/div>\n                <div data-colibri-id=\"912-c13\" class=\"h-text h-text-component style-1490 style-local-912-c13 position-relative h-element\">\n                  <!---->\n                  <!---->\n                  <div class=\"\">\n                    <p>Zip stor perde, modern ya\u015fam\u0131n taleplerine m\u00fckemmel \u015fekilde<\/p>\n                    <p>uyum sa\u011flayan \u015f\u0131k ve pratik perde \u00e7\u00f6z\u00fcmleri sunar.<\/p>\n                    <p>Mekanlar\u0131n\u0131za sofistike bir dokunu\u015f katan estetik tasar\u0131mlara<\/p>\n                    <p>sahip zip stor perdeler, kaliteli malzemesi ve titiz i\u015f\u00e7ili\u011fiyle \u00f6ne<\/p>\n                    <p>\u00e7\u0131k\u0131yor Zip stor perde sadece dekorunuzu tamamlamakla kalmaz,<\/p>\n                    <p>ayn\u0131 zamanda g\u00fcne\u015f \u0131\u015f\u0131\u011f\u0131ndan koruma sa\u011flar ve mahremiyet sa\u011flar.<\/p>\n                    <p>Geni\u015f renk ve desen yelpazesine sahiptir.<\/p>\n                  <\/div>\n                <\/div>\n                <div data-colibri-id=\"912-c14\" class=\"h-x-container style-1491 style-local-912-c14 position-relative h-element\">\n                  <!---->\n                  <div class=\"h-x-container-inner style-dynamic-912-c14-group style-1491-spacing style-local-912-c14-spacing\"><span class=\"h-button__outer style-1492-outer style-local-912-c15-outer d-inline-flex h-element\"><a h-use-smooth-scroll=\"true\" href=\"http:\/\/www.demirdoor.com\/index.php\/dikey-zip-perde-otomatik\/\"  data-colibri-id=\"912-c15\" class=\"d-flex w-100 align-items-center h-button justify-content-lg-center justify-content-md-center justify-content-center style-1492 style-local-912-c15 position-relative\"><!----><!----> <span>DETAYLI \u0130NCELEY\u0130N<\/span><\/a>\n                    <\/span>\n                  <\/div>\n                <\/div>\n              <\/div>\n            <\/div>\n          <\/div>\n        <\/div>\n      <\/div>\n    <\/div>\n  <\/div>\n<\/div>","protected":false},"excerpt":{"rendered":"<p>TAVAN Z\u0130P PERDE (OTOMAT\u0130K) Zip stor perde, modern ya\u015fam\u0131n taleplerine m\u00fckemmel \u015fekilde uyum [&hellip;]<\/p>\n","protected":false},"author":1,"featured_media":0,"parent":0,"menu_order":0,"comment_status":"closed","ping_status":"closed","template":"page-templates\/full-width-page.php","meta":{"saved_in_kubio":false,"footnotes":""},"class_list":["post-912","page","type-page","status-publish","hentry"],"kubio_ai_page_context":{"short_desc":"","purpose":"general"},"_links":{"self":[{"href":"https:\/\/www.demirdoor.com\/index.php\/wp-json\/wp\/v2\/pages\/912","targetHints":{"allow":["GET"]}}],"collection":[{"href":"https:\/\/www.demirdoor.com\/index.php\/wp-json\/wp\/v2\/pages"}],"about":[{"href":"https:\/\/www.demirdoor.com\/index.php\/wp-json\/wp\/v2\/types\/page"}],"author":[{"embeddable":true,"href":"https:\/\/www.demirdoor.com\/index.php\/wp-json\/wp\/v2\/users\/1"}],"replies":[{"embeddable":true,"href":"https:\/\/www.demirdoor.com\/index.php\/wp-json\/wp\/v2\/comments?post=912"}],"version-history":[{"count":5,"href":"https:\/\/www.demirdoor.com\/index.php\/wp-json\/wp\/v2\/pages\/912\/revisions"}],"predecessor-version":[{"id":1652,"href":"https:\/\/www.demirdoor.com\/index.php\/wp-json\/wp\/v2\/pages\/912\/revisions\/1652"}],"wp:attachment":[{"href":"https:\/\/www.demirdoor.com\/index.php\/wp-json\/wp\/v2\/media?parent=912"}],"curies":[{"name":"wp","href":"https:\/\/api.w.org\/{rel}","templated":true}]}}